{"id":2288,"date":"2017-12-07T02:25:11","date_gmt":"2017-12-07T02:25:11","guid":{"rendered":"http:\/\/ninzio.com\/agrikole\/?page_id=2288"},"modified":"2021-02-22T13:50:24","modified_gmt":"2021-02-22T12:50:24","slug":"nos-recettes","status":"publish","type":"page","link":"https:\/\/www.diabemix.com\/en\/nos-recettes\/","title":{"rendered":"Our recipes"},"content":{"rendered":"<div class=\"wpb-content-wrapper\"><div class=\"vc-custom-col-spacing clearfix vc-col-spacing-30\"><section class=\"wpb_row vc_row-fluid wpb_animate_when_almost_visible wpb_fadeIn fadeIn row-content-position-Default\"><div class=\"agrikole-container\"><div class=\"row-inner clearfix\"><div class=\"wpb_column vc_column_container vc_col-sm-12\"><div class=\"vc_column-inner\"><div class=\"wpb_wrapper\">\r\n\t<div class=\"agrikole-spacer clearfix\" data-desktop=\"120\" data-mobi=\"60\" data-smobi=\"60\"><\/div>\r\n<div class=\"agrikole-project-grid  image-rounded\" data-layout=\"masonry\" data-column=\"3\" data-column2=\"3\" data-column3=\"2\" data-column4=\"1\" data-gaph=\"30\" data-gapv=\"30\" data-filter=\"\">\r\n<div style=\"\">\r\n\r\n\t\r\n\t\t<div id=\"portfolio\" class=\"cbp\">\r\n\t\t    \r\n\t            <div class=\"cbp-item recettes\">\r\n\t\t\t\t\t<div class=\"project-box\">\r\n\t\t\t\t\t\t<div class=\"inner\">\r\n\t\t\t\t\t\t\t<div class=\"project-image\"><img loading=\"lazy\" decoding=\"async\" width=\"370\" height=\"484\" src=\"https:\/\/www.diabemix.com\/wp-content\/uploads\/2021\/02\/recette-pain-diabemix-bio-little.jpg\" class=\"attachment-agrikole-full size-agrikole-full wp-post-image\" alt=\"Recette du pain Diabemix BIO\" srcset=\"https:\/\/www.diabemix.com\/wp-content\/uploads\/2021\/02\/recette-pain-diabemix-bio-little.jpg 370w, https:\/\/www.diabemix.com\/wp-content\/uploads\/2021\/02\/recette-pain-diabemix-bio-little-229x300.jpg 229w, https:\/\/www.diabemix.com\/wp-content\/uploads\/2021\/02\/recette-pain-diabemix-bio-little-270x354.jpg 270w\" sizes=\"auto, (max-width: 370px) 100vw, 370px\" \/><div class=\"title-wrap\" style=\"\"><h4 class=\"title\"><a href=\"https:\/\/www.diabemix.com\/en\/project\/pain-diabemix-bio\/\" title=\"Organic Diabemix bread\">Organic Diabemix bread<\/a><\/h4><\/div><div class=\"project-text\" style=\"\"><h4 class=\"title\"><a href=\"https:\/\/www.diabemix.com\/en\/project\/pain-diabemix-bio\/\" title=\"Organic Diabemix bread\">Organic Diabemix bread<\/a><\/h4><div class=\"desc\">In a bowl, pour Diabemix\u00ae flour. Make a hole and pour...<\/div><div class=\"button\"><a href=\"https:\/\/www.diabemix.com\/en\/project\/pain-diabemix-bio\/\">Read More<\/a><\/div><div class=\"arrow\"><a href=\"https:\/\/www.diabemix.com\/en\/project\/pain-diabemix-bio\/\"><span class=\"core-icon-next\"><\/span><\/a><\/div><\/div><\/div>\t\t                <\/div>\r\n\t\t\t\t\t<\/div><!-- \/.project-box -->\r\n\t            <\/div><!-- \/.cbp-item -->\r\n\t\t\t\r\n\t            <div class=\"cbp-item recettes\">\r\n\t\t\t\t\t<div class=\"project-box\">\r\n\t\t\t\t\t\t<div class=\"inner\">\r\n\t\t\t\t\t\t\t<div class=\"project-image\"><img loading=\"lazy\" decoding=\"async\" width=\"370\" height=\"484\" src=\"https:\/\/www.diabemix.com\/wp-content\/uploads\/2021\/02\/recette-tartelettes-pommes-little.jpg\" class=\"attachment-agrikole-full size-agrikole-full wp-post-image\" alt=\"Recette de tartelettes aux pommes\" srcset=\"https:\/\/www.diabemix.com\/wp-content\/uploads\/2021\/02\/recette-tartelettes-pommes-little.jpg 370w, https:\/\/www.diabemix.com\/wp-content\/uploads\/2021\/02\/recette-tartelettes-pommes-little-229x300.jpg 229w, https:\/\/www.diabemix.com\/wp-content\/uploads\/2021\/02\/recette-tartelettes-pommes-little-270x354.jpg 270w\" sizes=\"auto, (max-width: 370px) 100vw, 370px\" \/><div class=\"title-wrap\" style=\"\"><h4 class=\"title\"><a href=\"https:\/\/www.diabemix.com\/en\/project\/tartelettes-pommes\/\" title=\"Apple pies\">Apple pies<\/a><\/h4><\/div><div class=\"project-text\" style=\"\"><h4 class=\"title\"><a href=\"https:\/\/www.diabemix.com\/en\/project\/tartelettes-pommes\/\" title=\"Apple pies\">Apple pies<\/a><\/h4><div class=\"desc\">In a saucepan, heat 50 g of almond powder with stevia, water and oil for...<\/div><div class=\"button\"><a href=\"https:\/\/www.diabemix.com\/en\/project\/tartelettes-pommes\/\">Read More<\/a><\/div><div class=\"arrow\"><a href=\"https:\/\/www.diabemix.com\/en\/project\/tartelettes-pommes\/\"><span class=\"core-icon-next\"><\/span><\/a><\/div><\/div><\/div>\t\t                <\/div>\r\n\t\t\t\t\t<\/div><!-- \/.project-box -->\r\n\t            <\/div><!-- \/.cbp-item -->\r\n\t\t\t\r\n\t            <div class=\"cbp-item recettes\">\r\n\t\t\t\t\t<div class=\"project-box\">\r\n\t\t\t\t\t\t<div class=\"inner\">\r\n\t\t\t\t\t\t\t<div class=\"project-image\"><img loading=\"lazy\" decoding=\"async\" width=\"370\" height=\"484\" src=\"https:\/\/www.diabemix.com\/wp-content\/uploads\/2021\/02\/recette-pizza-sauce-carotte-little.jpg\" class=\"attachment-agrikole-full size-agrikole-full wp-post-image\" alt=\"Recette de pizza sauce carotte\" srcset=\"https:\/\/www.diabemix.com\/wp-content\/uploads\/2021\/02\/recette-pizza-sauce-carotte-little.jpg 370w, https:\/\/www.diabemix.com\/wp-content\/uploads\/2021\/02\/recette-pizza-sauce-carotte-little-229x300.jpg 229w, https:\/\/www.diabemix.com\/wp-content\/uploads\/2021\/02\/recette-pizza-sauce-carotte-little-270x354.jpg 270w\" sizes=\"auto, (max-width: 370px) 100vw, 370px\" \/><div class=\"title-wrap\" style=\"\"><h4 class=\"title\"><a href=\"https:\/\/www.diabemix.com\/en\/project\/pizza-sauce-carotte-balsamique\/\" title=\"Pizza sauce carotte &amp; balsamique\">Pizza carrot and balsamic sauce<\/a><\/h4><\/div><div class=\"project-text\" style=\"\"><h4 class=\"title\"><a href=\"https:\/\/www.diabemix.com\/en\/project\/pizza-sauce-carotte-balsamique\/\" title=\"Pizza sauce carotte &amp; balsamique\">Pizza carrot and balsamic sauce<\/a><\/h4><div class=\"desc\">Pour all the ingredients in the bowl of the kitchen robot and mix 3 min, or 6 min by...\r\n<\/div><div class=\"button\"><a href=\"https:\/\/www.diabemix.com\/en\/project\/pizza-sauce-carotte-balsamique\/\">Read More<\/a><\/div><div class=\"arrow\"><a href=\"https:\/\/www.diabemix.com\/en\/project\/pizza-sauce-carotte-balsamique\/\"><span class=\"core-icon-next\"><\/span><\/a><\/div><\/div><\/div>\t\t                <\/div>\r\n\t\t\t\t\t<\/div><!-- \/.project-box -->\r\n\t            <\/div><!-- \/.cbp-item -->\r\n\t\t\t\r\n\t            <div class=\"cbp-item recettes\">\r\n\t\t\t\t\t<div class=\"project-box\">\r\n\t\t\t\t\t\t<div class=\"inner\">\r\n\t\t\t\t\t\t\t<div class=\"project-image\"><img loading=\"lazy\" decoding=\"async\" width=\"370\" height=\"484\" src=\"https:\/\/www.diabemix.com\/wp-content\/uploads\/2021\/02\/recette-pain-diabemix-little.jpg\" class=\"attachment-agrikole-full size-agrikole-full wp-post-image\" alt=\"Recette du pain Diabemix\" srcset=\"https:\/\/www.diabemix.com\/wp-content\/uploads\/2021\/02\/recette-pain-diabemix-little.jpg 370w, https:\/\/www.diabemix.com\/wp-content\/uploads\/2021\/02\/recette-pain-diabemix-little-229x300.jpg 229w, https:\/\/www.diabemix.com\/wp-content\/uploads\/2021\/02\/recette-pain-diabemix-little-270x354.jpg 270w\" sizes=\"auto, (max-width: 370px) 100vw, 370px\" \/><div class=\"title-wrap\" style=\"\"><h4 class=\"title\"><a href=\"https:\/\/www.diabemix.com\/en\/project\/pain-diabemix\/\" title=\"Diabemix bread\">Diabemix bread<\/a><\/h4><\/div><div class=\"project-text\" style=\"\"><h4 class=\"title\"><a href=\"https:\/\/www.diabemix.com\/en\/project\/pain-diabemix\/\" title=\"Diabemix bread\">Diabemix bread<\/a><\/h4><div class=\"desc\">In a bowl, pour Diabemix\u00ae flour. Make a hole and pour...<\/div><div class=\"button\"><a href=\"https:\/\/www.diabemix.com\/en\/project\/pain-diabemix\/\">Read More<\/a><\/div><div class=\"arrow\"><a href=\"https:\/\/www.diabemix.com\/en\/project\/pain-diabemix\/\"><span class=\"core-icon-next\"><\/span><\/a><\/div><\/div><\/div>\t\t                <\/div>\r\n\t\t\t\t\t<\/div><!-- \/.project-box -->\r\n\t            <\/div><!-- \/.cbp-item -->\r\n\t\t\t\t\t<\/div><!-- \/#portfolio -->\r\n\r\n\t\t\t\r\n\t\r\n<\/div>\r\n<\/div><!-- \/.agrikole-project -->\r\n\r\n\r\n\t<div class=\"agrikole-spacer clearfix\" data-desktop=\"120\" data-mobi=\"60\" data-smobi=\"60\"><\/div><\/div><\/div><\/div><\/div><\/div><\/section><\/div>\n<\/div>","protected":false},"excerpt":{"rendered":"Recette Dans un saladier, verser la Farine pour pain Diab\u00e9mix\u00ae. Faire un puits et mettre la levure de boulanger, puis l\u2019eau ti\u00e8de. M\u00e9langer \u00e0 la cuill\u00e8re en bois. Continuer de p\u00e9trir \u00e0 la main pendant 5 min afin de former une boule uniforme et lisse.* * il est possible d\u2019utiliser","protected":false},"author":1,"featured_media":0,"parent":0,"menu_order":0,"comment_status":"closed","ping_status":"closed","template":"","meta":{"footnotes":""},"class_list":["post-2288","page","type-page","status-publish","hentry"],"yoast_head":"<!-- This site is optimized with the Yoast SEO plugin v23.9 - https:\/\/yoast.com\/wordpress\/plugins\/seo\/ -->\n<title>Diab\u00e9mix - Nos recettes gourmandes avec Diab\u00e9mix<\/title>\n<meta name=\"description\" content=\"Une s\u00e9lection de recettes gourmandes pour l\u2019\u00e9laboration de pains, de pizzas ou de tartelettes aux pommes avec Diab\u00e9mix.\" \/>\n<meta name=\"robots\" content=\"index, follow, max-snippet:-1, max-image-preview:large, max-video-preview:-1\" \/>\n<link rel=\"canonical\" href=\"https:\/\/www.diabemix.com\/en\/nos-recettes\/\" \/>\n<meta property=\"og:locale\" content=\"en_US\" \/>\n<meta property=\"og:type\" content=\"article\" \/>\n<meta property=\"og:title\" content=\"Diab\u00e9mix - Nos recettes gourmandes avec Diab\u00e9mix\" \/>\n<meta property=\"og:description\" content=\"Une s\u00e9lection de recettes gourmandes pour l\u2019\u00e9laboration de pains, de pizzas ou de tartelettes aux pommes avec Diab\u00e9mix.\" \/>\n<meta property=\"og:url\" content=\"https:\/\/www.diabemix.com\/en\/nos-recettes\/\" \/>\n<meta property=\"og:site_name\" content=\"Diabemix\" \/>\n<meta property=\"article:modified_time\" content=\"2021-02-22T12:50:24+00:00\" \/>\n<meta name=\"twitter:card\" content=\"summary_large_image\" \/>\n<meta name=\"twitter:label1\" content=\"Est. reading time\" \/>\n\t<meta name=\"twitter:data1\" content=\"1 minute\" \/>\n<script type=\"application\/ld+json\" class=\"yoast-schema-graph\">{\"@context\":\"https:\/\/schema.org\",\"@graph\":[{\"@type\":\"WebPage\",\"@id\":\"https:\/\/www.diabemix.com\/nos-recettes\/\",\"url\":\"https:\/\/www.diabemix.com\/nos-recettes\/\",\"name\":\"Diab\u00e9mix - Nos recettes gourmandes avec Diab\u00e9mix\",\"isPartOf\":{\"@id\":\"https:\/\/www.diabemix.com\/#website\"},\"datePublished\":\"2017-12-07T02:25:11+00:00\",\"dateModified\":\"2021-02-22T12:50:24+00:00\",\"description\":\"Une s\u00e9lection de recettes gourmandes pour l\u2019\u00e9laboration de pains, de pizzas ou de tartelettes aux pommes avec Diab\u00e9mix.\",\"breadcrumb\":{\"@id\":\"https:\/\/www.diabemix.com\/nos-recettes\/#breadcrumb\"},\"inLanguage\":\"en-US\",\"potentialAction\":[{\"@type\":\"ReadAction\",\"target\":[\"https:\/\/www.diabemix.com\/nos-recettes\/\"]}]},{\"@type\":\"BreadcrumbList\",\"@id\":\"https:\/\/www.diabemix.com\/nos-recettes\/#breadcrumb\",\"itemListElement\":[{\"@type\":\"ListItem\",\"position\":1,\"name\":\"Accueil\",\"item\":\"https:\/\/www.diabemix.com\/\"},{\"@type\":\"ListItem\",\"position\":2,\"name\":\"Nos recettes\"}]},{\"@type\":\"WebSite\",\"@id\":\"https:\/\/www.diabemix.com\/#website\",\"url\":\"https:\/\/www.diabemix.com\/\",\"name\":\"Diabemix\",\"description\":\"Farine pour pain \u00e0 teneur en glucides r\u00e9duite\",\"potentialAction\":[{\"@type\":\"SearchAction\",\"target\":{\"@type\":\"EntryPoint\",\"urlTemplate\":\"https:\/\/www.diabemix.com\/?s={search_term_string}\"},\"query-input\":{\"@type\":\"PropertyValueSpecification\",\"valueRequired\":true,\"valueName\":\"search_term_string\"}}],\"inLanguage\":\"en-US\"}]}<\/script>\n<!-- \/ Yoast SEO plugin. -->","yoast_head_json":{"title":"Diab\u00e9mix - Nos recettes gourmandes avec Diab\u00e9mix","description":"Une s\u00e9lection de recettes gourmandes pour l\u2019\u00e9laboration de pains, de pizzas ou de tartelettes aux pommes avec Diab\u00e9mix.","robots":{"index":"index","follow":"follow","max-snippet":"max-snippet:-1","max-image-preview":"max-image-preview:large","max-video-preview":"max-video-preview:-1"},"canonical":"https:\/\/www.diabemix.com\/en\/nos-recettes\/","og_locale":"en_US","og_type":"article","og_title":"Diab\u00e9mix - Nos recettes gourmandes avec Diab\u00e9mix","og_description":"Une s\u00e9lection de recettes gourmandes pour l\u2019\u00e9laboration de pains, de pizzas ou de tartelettes aux pommes avec Diab\u00e9mix.","og_url":"https:\/\/www.diabemix.com\/en\/nos-recettes\/","og_site_name":"Diabemix","article_modified_time":"2021-02-22T12:50:24+00:00","twitter_card":"summary_large_image","twitter_misc":{"Est. reading time":"1 minute"},"schema":{"@context":"https:\/\/schema.org","@graph":[{"@type":"WebPage","@id":"https:\/\/www.diabemix.com\/nos-recettes\/","url":"https:\/\/www.diabemix.com\/nos-recettes\/","name":"Diab\u00e9mix - Nos recettes gourmandes avec Diab\u00e9mix","isPartOf":{"@id":"https:\/\/www.diabemix.com\/#website"},"datePublished":"2017-12-07T02:25:11+00:00","dateModified":"2021-02-22T12:50:24+00:00","description":"Une s\u00e9lection de recettes gourmandes pour l\u2019\u00e9laboration de pains, de pizzas ou de tartelettes aux pommes avec Diab\u00e9mix.","breadcrumb":{"@id":"https:\/\/www.diabemix.com\/nos-recettes\/#breadcrumb"},"inLanguage":"en-US","potentialAction":[{"@type":"ReadAction","target":["https:\/\/www.diabemix.com\/nos-recettes\/"]}]},{"@type":"BreadcrumbList","@id":"https:\/\/www.diabemix.com\/nos-recettes\/#breadcrumb","itemListElement":[{"@type":"ListItem","position":1,"name":"Accueil","item":"https:\/\/www.diabemix.com\/"},{"@type":"ListItem","position":2,"name":"Nos recettes"}]},{"@type":"WebSite","@id":"https:\/\/www.diabemix.com\/#website","url":"https:\/\/www.diabemix.com\/","name":"Diabemix","description":"Farine pour pain \u00e0 teneur en glucides r\u00e9duite","potentialAction":[{"@type":"SearchAction","target":{"@type":"EntryPoint","urlTemplate":"https:\/\/www.diabemix.com\/?s={search_term_string}"},"query-input":{"@type":"PropertyValueSpecification","valueRequired":true,"valueName":"search_term_string"}}],"inLanguage":"en-US"}]}},"_links":{"self":[{"href":"https:\/\/www.diabemix.com\/en\/wp-json\/wp\/v2\/pages\/2288","targetHints":{"allow":["GET"]}}],"collection":[{"href":"https:\/\/www.diabemix.com\/en\/wp-json\/wp\/v2\/pages"}],"about":[{"href":"https:\/\/www.diabemix.com\/en\/wp-json\/wp\/v2\/types\/page"}],"author":[{"embeddable":true,"href":"https:\/\/www.diabemix.com\/en\/wp-json\/wp\/v2\/users\/1"}],"replies":[{"embeddable":true,"href":"https:\/\/www.diabemix.com\/en\/wp-json\/wp\/v2\/comments?post=2288"}],"version-history":[{"count":3,"href":"https:\/\/www.diabemix.com\/en\/wp-json\/wp\/v2\/pages\/2288\/revisions"}],"predecessor-version":[{"id":124635,"href":"https:\/\/www.diabemix.com\/en\/wp-json\/wp\/v2\/pages\/2288\/revisions\/124635"}],"wp:attachment":[{"href":"https:\/\/www.diabemix.com\/en\/wp-json\/wp\/v2\/media?parent=2288"}],"curies":[{"name":"wp","href":"https:\/\/api.w.org\/{rel}","templated":true}]}}