{"id":14768,"date":"2021-02-13T19:47:48","date_gmt":"2021-02-13T18:47:48","guid":{"rendered":"https:\/\/www.diabemix.com\/?page_id=14768"},"modified":"2021-03-02T13:36:14","modified_gmt":"2021-03-02T12:36:14","slug":"ou-trouver-diabemix","status":"publish","type":"page","link":"https:\/\/www.diabemix.com\/en\/ou-trouver-diabemix\/","title":{"rendered":"Where to find Diabemix?"},"content":{"rendered":"<div class=\"wpb-content-wrapper\"><div class=\"vc-custom-col-spacing clearfix vc-col-spacing-30\"><section class=\"wpb_row vc_row-fluid row-content-position-Default\"><div class=\"agrikole-container\"><div class=\"row-inner clearfix\"><div class=\"wpb_column vc_column_container vc_col-sm-12\"><div class=\"vc_column-inner\"><div class=\"wpb_wrapper\">\r\n\t<div class=\"agrikole-spacer clearfix\" data-desktop=\"80\" data-mobi=\"40\" data-smobi=\"40\"><\/div><div class=\"agrikole-content-box clearfix\" ><div class=\"vc-custom-col-inner-spacing clearfix vc-col-inner-spacing-30\"><div class=\"wpb_row vc_inner vc_row-fluid half-on-991\"><div class=\"wpb_column vc_column_container vc_col-sm-12\"><div class=\"vc_column-inner\"><div class=\"wpb_wrapper\"><div class=\"agrikole-content-box clearfix\" data-padding=\"40px 50px 40px\" data-mobipadding=\"20px 10px 20px\" data-margin=\"\" data-mobimargin=\"\" >\r\n\t\t<div class=\"inner ctb-1527298973\" style=\"\"  data-background=\"\" data-border-style=\"solid\" data-border-style-hover=\"solid\">\r\n\t\t\t<div class=\"agrikole-simple-image simple\" style=\"text-align:center; margin:0 auto;\">\r\n\t\t\t\t<img decoding=\"async\" alt=\"image\" src=\"https:\/\/www.diabemix.com\/wp-content\/uploads\/2021\/02\/picto-moulin.png\" \/> \r\n\t\t\t<\/div>\r\n\t<div class=\"agrikole-spacer clearfix\" data-desktop=\"40\" data-mobi=\"35\" data-smobi=\"35\"><\/div>\n\t<div class=\"wpb_text_column wpb_content_element\" >\n\t\t<div class=\"wpb_wrapper\">\n\t\t\t<div class=\"texte-intro\" style=\"text-align: center; font-size: 30px; max-width: 800px; margin: 0 auto; font-weight: 400; line-height: 1.5;\">The points of sale on this map could help you to find your diabemix.<\/div>\n\n\t\t<\/div>\n\t<\/div>\n\r\n\t<div class=\"agrikole-spacer clearfix\" data-desktop=\"40\" data-mobi=\"35\" data-smobi=\"35\"><\/div><div class=\"agrikole-simple-image simple\" style=\"text-align:center; margin:0 auto;\">\r\n\t\t\t\t<img decoding=\"async\" alt=\"image\" src=\"https:\/\/www.diabemix.com\/wp-content\/uploads\/2021\/02\/separate-red.png\" \/> \r\n\t\t\t<\/div>\r\n\t\t<\/div>\r\n\t<\/div><\/div><\/div><\/div><\/div><\/div><\/div>\r\n\t<div class=\"agrikole-spacer clearfix\" data-desktop=\"60\" data-mobi=\"40\" data-smobi=\"40\"><\/div><\/div><\/div><\/div><\/div><\/div><\/section><\/div><div class=\"vc-custom-col-spacing clearfix vc-col-spacing-30\"><section class=\"wpb_row vc_row-fluid wpb_animate_when_almost_visible wpb_fadeIn fadeIn no-padding row-content-position-middle row-equal-height\"><div class=\"row-inner clearfix\"><div class=\"wpb_column vc_column_container vc_col-sm-12 vc_col-has-fill\"><div class=\"vc_column-inner vc_custom_1613242612506\"><div class=\"wpb_wrapper\">\n\t<div class=\"wpb_text_column wpb_content_element\" >\n\t\t<div class=\"wpb_wrapper\">\n\t\t\t\r\n            \r\n            \r\n            \r\n            <a name='map5'><\/a>\r\n            \r\n            \r\n            \r\n            \r\n            <div class=\"wpgmza_map\"  id=\"wpgmza_map_5\" style=\"display:block; overflow:auto; width:100%; height:800px; float:left;\" data-settings='{\"id\":\"5\",\"map_title\":\"Diabemix map OK\",\"map_width\":\"100\",\"map_height\":\"800\",\"map_start_lat\":\"46.86911982233067\",\"map_start_lng\":\"1.7874793749999718\",\"map_start_location\":\"45.950464398418106,-109.81550500000003\",\"map_start_zoom\":\"6\",\"default_marker\":\"\",\"type\":\"1\",\"alignment\":\"4\",\"directions_enabled\":\"0\",\"styling_enabled\":\"0\",\"styling_json\":\"\",\"active\":\"0\",\"kml\":\"\",\"bicycle\":\"0\",\"traffic\":\"0\",\"dbox\":\"1\",\"dbox_width\":\"\",\"listmarkers\":\"0\",\"listmarkers_advanced\":\"0\",\"filterbycat\":\"0\",\"ugm_enabled\":\"0\",\"ugm_category_enabled\":\"0\",\"fusion\":\"\",\"map_width_type\":\"%\",\"map_height_type\":\"px\",\"mass_marker_support\":\"0\",\"ugm_access\":\"0\",\"order_markers_by\":\"1\",\"order_markers_choice\":\"1\",\"show_user_location\":\"0\",\"default_to\":\"\",\"other_settings\":{\"map_type\":1,\"sl_stroke_color\":\"#ff0000\",\"sl_fill_color\":\"#ff0000\",\"sl_stroke_opacity\":\"1\",\"sl_fill_opacity\":\"0.5\",\"transport_layer\":false,\"shortcodeAttributes\":{\"id\":\"5\"},\"action\":\"wpgmza_save_map\",\"redirect_to\":\"\\\/wp-admin\\\/admin-post.php\",\"map_id\":\"5\",\"http_referer\":\"\\\/wp-admin\\\/admin.php?page=wp-google-maps-menu&amp;amp;action=edit&amp;amp;map_id=1\",\"wpgmza_id\":\"1\",\"wpgmza_start_location\":\"46.86911982233067,1.7874793749999718\",\"wpgmza_start_zoom\":\"6\",\"wpgmza_theme_data\":\"[{\\\"featureType\\\":\\\"administrative.locality\\\",\\\"elementType\\\":\\\"all\\\",\\\"stylers\\\":[{\\\"hue\\\":\\\"#2c2e33\\\"},{\\\"saturation\\\":7},{\\\"lightness\\\":19},{\\\"visibility\\\":\\\"on\\\"}]},{\\\"featureType\\\":\\\"landscape\\\",\\\"elementType\\\":\\\"all\\\",\\\"stylers\\\":[{\\\"hue\\\":\\\"#ffffff\\\"},{\\\"saturation\\\":-100},{\\\"lightness\\\":100},{\\\"visibility\\\":\\\"simplified\\\"}]},{\\\"featureType\\\":\\\"poi\\\",\\\"elementType\\\":\\\"all\\\",\\\"stylers\\\":[{\\\"hue\\\":\\\"#ffffff\\\"},{\\\"saturation\\\":-100},{\\\"lightness\\\":100},{\\\"visibility\\\":\\\"off\\\"}]},{\\\"featureType\\\":\\\"road\\\",\\\"elementType\\\":\\\"geometry\\\",\\\"stylers\\\":[{\\\"hue\\\":\\\"#bbc0c4\\\"},{\\\"saturation\\\":-93},{\\\"lightness\\\":31},{\\\"visibility\\\":\\\"simplified\\\"}]},{\\\"featureType\\\":\\\"road\\\",\\\"elementType\\\":\\\"labels\\\",\\\"stylers\\\":[{\\\"hue\\\":\\\"#bbc0c4\\\"},{\\\"saturation\\\":-93},{\\\"lightness\\\":31},{\\\"visibility\\\":\\\"on\\\"}]},{\\\"featureType\\\":\\\"road.arterial\\\",\\\"elementType\\\":\\\"labels\\\",\\\"stylers\\\":[{\\\"hue\\\":\\\"#bbc0c4\\\"},{\\\"saturation\\\":-93},{\\\"lightness\\\":-2},{\\\"visibility\\\":\\\"simplified\\\"}]},{\\\"featureType\\\":\\\"road.local\\\",\\\"elementType\\\":\\\"geometry\\\",\\\"stylers\\\":[{\\\"hue\\\":\\\"#e9ebed\\\"},{\\\"saturation\\\":-90},{\\\"lightness\\\":-8},{\\\"visibility\\\":\\\"simplified\\\"}]},{\\\"featureType\\\":\\\"transit\\\",\\\"elementType\\\":\\\"all\\\",\\\"stylers\\\":[{\\\"hue\\\":\\\"#e9ebed\\\"},{\\\"saturation\\\":10},{\\\"lightness\\\":69},{\\\"visibility\\\":\\\"on\\\"}]},{\\\"featureType\\\":\\\"water\\\",\\\"elementType\\\":\\\"all\\\",\\\"stylers\\\":[{\\\"hue\\\":\\\"#e9ebed\\\"},{\\\"saturation\\\":-78},{\\\"lightness\\\":67},{\\\"visibility\\\":\\\"simplified\\\"}]}]\",\"wpgmza_dbox_width_type\":\"%\",\"default_from\":\"\",\"directions_behaviour\":\"default\",\"force_google_directions_app\":false,\"directions_route_origin_icon\":\"https:\\\/\\\/www.diabemix.com\\\/wp-content\\\/plugins\\\/wp-google-maps\\\/images\\\/spotlight-poi2.png\",\"directions_origin_retina\":false,\"directions_route_destination_icon\":\"https:\\\/\\\/www.diabemix.com\\\/wp-content\\\/plugins\\\/wp-google-maps\\\/images\\\/spotlight-poi2.png\",\"directions_destination_retina\":false,\"directions_route_stroke_color\":\"#4f8df5\",\"directions_route_stroke_weight\":\"4\",\"directions_route_stroke_opacity\":\"0.8\",\"directions_fit_bounds_to_route\":false,\"store_locator_enabled\":false,\"store_locator_search_area\":\"radial\",\"wpgmza_store_locator_radius_style\":\"legacy\",\"wpgmza_store_locator_default_radius\":\"10\",\"store_locator_auto_area_max_zoom\":\"\",\"wpgmza_store_locator_restrict\":\"\",\"store_locator_distance\":false,\"wpgmza_store_locator_position\":false,\"store_locator_category\":true,\"wpgmza_store_locator_use_their_location\":false,\"wpgmza_store_locator_bounce\":false,\"upload_default_sl_marker\":\"\",\"retina\":false,\"wpgmza_sl_animation\":\"0\",\"wpgmza_store_locator_hide_before_search\":false,\"store_locator_query_string\":\"\",\"store_locator_default_address\":\"\",\"store_locator_name_search\":false,\"store_locator_name_string\":\"\",\"store_locator_not_found_message\":\"\",\"wpgmza_map_align\":\"1\",\"upload_default_ul_marker\":\"\",\"jump_to_nearest_marker_on_initialization\":false,\"automatically_pan_to_users_location\":false,\"override_users_location_zoom_level\":false,\"override_users_location_zoom_levels\":\"\",\"show_distance_from_location\":false,\"map_max_zoom\":\"21\",\"map_min_zoom\":\"0\",\"click_open_link\":false,\"fit_maps_bounds_to_markers\":false,\"fit_maps_bounds_to_markers_after_filtering\":false,\"hide_point_of_interest\":false,\"wpgmza_zoom_on_marker_click\":false,\"wpgmza_zoom_on_marker_click_slider\":\"\",\"close_infowindow_on_map_click\":true,\"disable_lightbox_images\":true,\"use_Raw_Jpeg_Coordinates\":false,\"polygon_labels\":false,\"disable_polygon_info_windows\":false,\"enable_advanced_custom_fields_integration\":false,\"enable_toolset_woocommerce_integration\":false,\"only_load_markers_within_viewport\":false,\"iw_primary_color\":\"#000000\",\"iw_accent_color\":\"#000000\",\"iw_text_color\":\"#000000\",\"wpgmza_listmarkers_by\":\"0\",\"wpgmza_marker_listing_position\":false,\"wpgmza_push_in_map\":false,\"wpgmza_push_in_map_placement\":\"1\",\"wpgmza_push_in_map_width\":\"\",\"wpgmza_push_in_map_height\":\"\",\"datatable_no_result_message\":\"\",\"remove_search_box_datables\":false,\"dataTable_pagination_style\":\"default\",\"datatable_search_string\":\"\",\"datatable_result_start\":\"\",\"datatable_result_of\":\"\",\"datatable_result_to\":\"\",\"datatable_result_total\":\"\",\"datatable_result_show\":\"\",\"datatable_result_entries\":\"\",\"wpgmza_savemap\":\"Enregistrer la carte \\u00bb\",\"wpgmza_theme\":\"7\",\"wpgmza_iw_type\":\"0\",\"store_locator_show_distance\":false,\"upload_default_sl_marker_retina\":false,\"upload_default_ul_marker_retina\":false,\"zoom_level_on_marker_listing_override\":false,\"zoom_level_on_marker_listing_click\":\"\",\"store_locator_location_placeholder\":\"\",\"enable_marker_labels\":false,\"zoom_level_mobile_override_enabled\":false,\"zoom_level_mobile_override\":\"\",\"marker_listing_disable_zoom\":false}}' data-map-id='5' data-shortcode-attributes='{\"id\":\"5\"}'> <\/div>\r\n            \r\n               \r\n        \n\n\t\t<\/div>\n\t<\/div>\n<\/div><\/div><\/div><\/div><\/section><\/div><div class=\"vc-custom-col-spacing clearfix vc-col-spacing-30\"><section class=\"wpb_row vc_row-fluid wpb_animate_when_almost_visible wpb_fadeIn fadeIn no-padding row-content-position-middle row-equal-height\"><div class=\"row-inner clearfix\"><div class=\"wpb_column vc_column_container vc_col-sm-6 vc_col-has-fill\"><div class=\"vc_column-inner vc_custom_1613235786445\"><div class=\"wpb_wrapper\"><\/div><\/div><\/div><div class=\"wpb_column vc_column_container vc_col-sm-6 vc_col-has-fill\"><div class=\"vc_column-inner vc_custom_1613070214875\"><div class=\"wpb_wrapper\"><div class=\"agrikole-content-box clearfix cta-texte display-flex justify-content-center\" data-padding=\"110px 20% 110px 20%\" data-mobipadding=\"60px 20% 60px 20%\" data-margin=\"\" data-mobimargin=\"\" >\r\n\t\t<div class=\"inner ctb-1012676982\" style=\"\"  data-background=\"\" data-border-style=\"solid\" data-border-style-hover=\"solid\">\r\n\t\t\t<h2 class=\"agrikole-text clearfix text-center\" style=\"font-size:60px;line-height:72px;color:#40525a;\"><p>Discover the full range of diabemix products<\/p>\n<\/h2>\r\n\t<div class=\"agrikole-spacer clearfix\" data-desktop=\"40\" data-mobi=\"30\" data-smobi=\"30\"><\/div><div class=\"button-wrap icon-right\" style=\"\" ><a href=\"https:\/\/www.diabemix.com\/en\/gamme-diabemix\/\" target=\"_self\" class=\"agrikole-button btn-1287779842 medium no_icon custom custom\" style=\"border-radius:5px;\"  data-background=\"#e2011a\" data-text=\"#ffffff\" data-text-hover=\"#ffffff\" data-background-hover=\"#cb0118\">\r\n\t\t<span style=\"\">Click here! <\/span>\r\n\t<\/a><\/div>\r\n\t\t<\/div>\r\n\t<\/div><\/div><\/div><\/div><\/div><\/section><\/div>\n<\/div>","protected":false},"excerpt":{"rendered":"Les points de vente list\u00e9s sur cette carte pourront vous aider \u00e0 trouver votre Diab\u00e9mix. D\u00e9couvrez la gamme compl\u00e8te de produits Diab\u00e9mix D\u00e9couvrir nos produits","protected":false},"author":1,"featured_media":0,"parent":0,"menu_order":0,"comment_status":"closed","ping_status":"closed","template":"","meta":{"footnotes":""},"class_list":["post-14768","page","type-page","status-publish","hentry"],"yoast_head":"<!-- This site is optimized with the Yoast SEO plugin v23.9 - https:\/\/yoast.com\/wordpress\/plugins\/seo\/ -->\n<title>Diab\u00e9mix - O\u00f9 trouver les produits Diab\u00e9mix ?<\/title>\n<meta name=\"description\" content=\"Consultez notre carte interactive pour conna\u00eetre les commer\u00e7ants les plus proches qui distribuent notre gamme Diab\u00e9mix.\" \/>\n<meta name=\"robots\" content=\"index, follow, max-snippet:-1, max-image-preview:large, max-video-preview:-1\" \/>\n<link rel=\"canonical\" href=\"https:\/\/www.diabemix.com\/en\/ou-trouver-diabemix\/\" \/>\n<meta property=\"og:locale\" content=\"en_US\" \/>\n<meta property=\"og:type\" content=\"article\" \/>\n<meta property=\"og:title\" content=\"Diab\u00e9mix - O\u00f9 trouver les produits Diab\u00e9mix ?\" \/>\n<meta property=\"og:description\" content=\"Consultez notre carte interactive pour conna\u00eetre les commer\u00e7ants les plus proches qui distribuent notre gamme Diab\u00e9mix.\" \/>\n<meta property=\"og:url\" content=\"https:\/\/www.diabemix.com\/en\/ou-trouver-diabemix\/\" \/>\n<meta property=\"og:site_name\" content=\"Diabemix\" \/>\n<meta property=\"article:modified_time\" content=\"2021-03-02T12:36:14+00:00\" \/>\n<meta name=\"twitter:card\" content=\"summary_large_image\" \/>\n<meta name=\"twitter:label1\" content=\"Est. reading time\" \/>\n\t<meta name=\"twitter:data1\" content=\"1 minute\" \/>\n<script type=\"application\/ld+json\" class=\"yoast-schema-graph\">{\"@context\":\"https:\/\/schema.org\",\"@graph\":[{\"@type\":\"WebPage\",\"@id\":\"https:\/\/www.diabemix.com\/ou-trouver-diabemix\/\",\"url\":\"https:\/\/www.diabemix.com\/ou-trouver-diabemix\/\",\"name\":\"Diab\u00e9mix - O\u00f9 trouver les produits Diab\u00e9mix ?\",\"isPartOf\":{\"@id\":\"https:\/\/www.diabemix.com\/#website\"},\"datePublished\":\"2021-02-13T18:47:48+00:00\",\"dateModified\":\"2021-03-02T12:36:14+00:00\",\"description\":\"Consultez notre carte interactive pour conna\u00eetre les commer\u00e7ants les plus proches qui distribuent notre gamme Diab\u00e9mix.\",\"breadcrumb\":{\"@id\":\"https:\/\/www.diabemix.com\/ou-trouver-diabemix\/#breadcrumb\"},\"inLanguage\":\"en-US\",\"potentialAction\":[{\"@type\":\"ReadAction\",\"target\":[\"https:\/\/www.diabemix.com\/ou-trouver-diabemix\/\"]}]},{\"@type\":\"BreadcrumbList\",\"@id\":\"https:\/\/www.diabemix.com\/ou-trouver-diabemix\/#breadcrumb\",\"itemListElement\":[{\"@type\":\"ListItem\",\"position\":1,\"name\":\"Accueil\",\"item\":\"https:\/\/www.diabemix.com\/\"},{\"@type\":\"ListItem\",\"position\":2,\"name\":\"O\u00f9 trouver Diab\u00e9mix ?\"}]},{\"@type\":\"WebSite\",\"@id\":\"https:\/\/www.diabemix.com\/#website\",\"url\":\"https:\/\/www.diabemix.com\/\",\"name\":\"Diabemix\",\"description\":\"Farine pour pain \u00e0 teneur en glucides r\u00e9duite\",\"potentialAction\":[{\"@type\":\"SearchAction\",\"target\":{\"@type\":\"EntryPoint\",\"urlTemplate\":\"https:\/\/www.diabemix.com\/?s={search_term_string}\"},\"query-input\":{\"@type\":\"PropertyValueSpecification\",\"valueRequired\":true,\"valueName\":\"search_term_string\"}}],\"inLanguage\":\"en-US\"}]}<\/script>\n<!-- \/ Yoast SEO plugin. -->","yoast_head_json":{"title":"Diab\u00e9mix - O\u00f9 trouver les produits Diab\u00e9mix ?","description":"Consultez notre carte interactive pour conna\u00eetre les commer\u00e7ants les plus proches qui distribuent notre gamme Diab\u00e9mix.","robots":{"index":"index","follow":"follow","max-snippet":"max-snippet:-1","max-image-preview":"max-image-preview:large","max-video-preview":"max-video-preview:-1"},"canonical":"https:\/\/www.diabemix.com\/en\/ou-trouver-diabemix\/","og_locale":"en_US","og_type":"article","og_title":"Diab\u00e9mix - O\u00f9 trouver les produits Diab\u00e9mix ?","og_description":"Consultez notre carte interactive pour conna\u00eetre les commer\u00e7ants les plus proches qui distribuent notre gamme Diab\u00e9mix.","og_url":"https:\/\/www.diabemix.com\/en\/ou-trouver-diabemix\/","og_site_name":"Diabemix","article_modified_time":"2021-03-02T12:36:14+00:00","twitter_card":"summary_large_image","twitter_misc":{"Est. reading time":"1 minute"},"schema":{"@context":"https:\/\/schema.org","@graph":[{"@type":"WebPage","@id":"https:\/\/www.diabemix.com\/ou-trouver-diabemix\/","url":"https:\/\/www.diabemix.com\/ou-trouver-diabemix\/","name":"Diab\u00e9mix - O\u00f9 trouver les produits Diab\u00e9mix ?","isPartOf":{"@id":"https:\/\/www.diabemix.com\/#website"},"datePublished":"2021-02-13T18:47:48+00:00","dateModified":"2021-03-02T12:36:14+00:00","description":"Consultez notre carte interactive pour conna\u00eetre les commer\u00e7ants les plus proches qui distribuent notre gamme Diab\u00e9mix.","breadcrumb":{"@id":"https:\/\/www.diabemix.com\/ou-trouver-diabemix\/#breadcrumb"},"inLanguage":"en-US","potentialAction":[{"@type":"ReadAction","target":["https:\/\/www.diabemix.com\/ou-trouver-diabemix\/"]}]},{"@type":"BreadcrumbList","@id":"https:\/\/www.diabemix.com\/ou-trouver-diabemix\/#breadcrumb","itemListElement":[{"@type":"ListItem","position":1,"name":"Accueil","item":"https:\/\/www.diabemix.com\/"},{"@type":"ListItem","position":2,"name":"O\u00f9 trouver Diab\u00e9mix ?"}]},{"@type":"WebSite","@id":"https:\/\/www.diabemix.com\/#website","url":"https:\/\/www.diabemix.com\/","name":"Diabemix","description":"Farine pour pain \u00e0 teneur en glucides r\u00e9duite","potentialAction":[{"@type":"SearchAction","target":{"@type":"EntryPoint","urlTemplate":"https:\/\/www.diabemix.com\/?s={search_term_string}"},"query-input":{"@type":"PropertyValueSpecification","valueRequired":true,"valueName":"search_term_string"}}],"inLanguage":"en-US"}]}},"_links":{"self":[{"href":"https:\/\/www.diabemix.com\/en\/wp-json\/wp\/v2\/pages\/14768","targetHints":{"allow":["GET"]}}],"collection":[{"href":"https:\/\/www.diabemix.com\/en\/wp-json\/wp\/v2\/pages"}],"about":[{"href":"https:\/\/www.diabemix.com\/en\/wp-json\/wp\/v2\/types\/page"}],"author":[{"embeddable":true,"href":"https:\/\/www.diabemix.com\/en\/wp-json\/wp\/v2\/users\/1"}],"replies":[{"embeddable":true,"href":"https:\/\/www.diabemix.com\/en\/wp-json\/wp\/v2\/comments?post=14768"}],"version-history":[{"count":6,"href":"https:\/\/www.diabemix.com\/en\/wp-json\/wp\/v2\/pages\/14768\/revisions"}],"predecessor-version":[{"id":14867,"href":"https:\/\/www.diabemix.com\/en\/wp-json\/wp\/v2\/pages\/14768\/revisions\/14867"}],"wp:attachment":[{"href":"https:\/\/www.diabemix.com\/en\/wp-json\/wp\/v2\/media?parent=14768"}],"curies":[{"name":"wp","href":"https:\/\/api.w.org\/{rel}","templated":true}]}}