{"id":14660,"date":"2021-02-12T14:32:36","date_gmt":"2021-02-12T13:32:36","guid":{"rendered":"https:\/\/www.diabemix.com\/?page_id=14660"},"modified":"2024-11-13T17:05:55","modified_gmt":"2024-11-13T16:05:55","slug":"diabemix-bio","status":"publish","type":"page","link":"https:\/\/www.diabemix.com\/en\/diabemix-bio\/","title":{"rendered":"Organic Diabemix"},"content":{"rendered":"<div class=\"wpb-content-wrapper\"><div class=\"vc-custom-col-spacing clearfix vc-col-spacing-30\"><section class=\"wpb_row vc_row-fluid wpb_animate_when_almost_visible wpb_fadeIn fadeIn row-content-position-Default\"><div class=\"agrikole-container\"><div class=\"row-inner clearfix\"><div class=\"wpb_column vc_column_container vc_col-sm-12\"><div class=\"vc_column-inner\"><div class=\"wpb_wrapper\">\r\n\t<div class=\"agrikole-spacer clearfix\" data-desktop=\"100\" data-mobi=\"60\" data-smobi=\"60\"><\/div><div class=\"agrikole-content-box clearfix\" ><div class=\"vc-custom-col-inner-spacing clearfix vc-col-inner-spacing-30\"><div class=\"wpb_row vc_inner vc_row-fluid\"><div class=\"wpb_column vc_column_container vc_col-sm-6\"><div class=\"vc_column-inner\"><div class=\"wpb_wrapper\"><div class=\"agrikole-simple-image simple\" style=\"\">\r\n\t\t\t\t<img decoding=\"async\" alt=\"image\" src=\"https:\/\/www.diabemix.com\/wp-content\/uploads\/2021\/02\/diabemix-bio-logo.jpg\" \/> \r\n\t\t\t<\/div>\r\n\t<div class=\"agrikole-spacer clearfix\" data-desktop=\"20\" data-mobi=\"20\" data-smobi=\"20\"><\/div><div class=\"agrikole-simple-image simple\" style=\"\">\r\n\t\t\t\t<img decoding=\"async\" alt=\"image\" src=\"https:\/\/www.diabemix.com\/wp-content\/uploads\/2021\/02\/separate-green.jpg\" \/> \r\n\t\t\t<\/div>\r\n\t<div class=\"agrikole-spacer clearfix\" data-desktop=\"20\" data-mobi=\"20\" data-smobi=\"20\"><\/div>\n\t<div class=\"wpb_text_column wpb_content_element\" >\n\t\t<div class=\"wpb_wrapper\">\n\t\t\t<div class=\"texte-intro\" style=\"text-align: left; font-size: 30px; max-width: 800px; margin: 0 auto; font-weight: 400; line-height: 1.5;\">A gourmet bread to bring pleasure and dietetic!<\/div>\n\n\t\t<\/div>\n\t<\/div>\n\r\n\t<div class=\"agrikole-spacer clearfix\" data-desktop=\"20\" data-mobi=\"20\" data-smobi=\"20\"><\/div><div class=\"agrikole-list clearfix icon-top\" >\r\n\t\t<div style=\"margin-bottom:2px;\">\r\n\t\t\t<span style=\"padding-left:33px;\"><span class=\"icon\" style=\"color:#95c11f;font-size:16px;\">\r\n\t\t\t<i class=\"vc-oi vc-oi-ok\"><\/i>\r\n\t\t<\/span> <span style=\"font-size:16px;\">\u00c0 teneur r\u00e9duite en glucides et en sel*<\/span><\/span>\r\n\t\t<\/div>\r\n\t<\/div><div class=\"agrikole-list clearfix icon-top\" >\r\n\t\t<div style=\"margin-bottom:2px;\">\r\n\t\t\t<span style=\"padding-left:33px;\"><span class=\"icon\" style=\"color:#95c11f;font-size:16px;\">\r\n\t\t\t<i class=\"vc-oi vc-oi-ok\"><\/i>\r\n\t\t<\/span> <span style=\"font-size:16px;\">Rich in fibres<\/span><\/span>\r\n\t\t<\/div>\r\n\t<\/div><div class=\"agrikole-list clearfix icon-top\" >\r\n\t\t<div style=\"margin-bottom:2px;\">\r\n\t\t\t<span style=\"padding-left:33px;\"><span class=\"icon\" style=\"color:#95c11f;font-size:16px;\">\r\n\t\t\t<i class=\"vc-oi vc-oi-ok\"><\/i>\r\n\t\t<\/span> <span style=\"font-size:16px;\">Riche en prot\u00e9ines<\/span><\/span>\r\n\t\t<\/div>\r\n\t<\/div><div class=\"agrikole-list clearfix icon-top\" >\r\n\t\t<div style=\"margin-bottom:2px;\">\r\n\t\t\t<span style=\"padding-left:33px;\"><span class=\"icon\" style=\"color:#95c11f;font-size:16px;\">\r\n\t\t\t<i class=\"vc-oi vc-oi-ok\"><\/i>\r\n\t\t<\/span> <span style=\"font-size:16px;\">Long life bread<\/span><\/span>\r\n\t\t<\/div>\r\n\t<\/div><div class=\"agrikole-list clearfix icon-top\" >\r\n\t\t<div style=\"margin-bottom:2px;\">\r\n\t\t\t<span style=\"padding-left:33px;\"><span class=\"icon\" style=\"color:#95c11f;font-size:16px;\">\r\n\t\t\t<i class=\"vc-oi vc-oi-ok\"><\/i>\r\n\t\t<\/span> <span style=\"font-size:16px;\">Crunchy seeds of sunflower, quinoa and chia<\/span><\/span>\r\n\t\t<\/div>\r\n\t<\/div>\r\n\t<div class=\"agrikole-spacer clearfix\" data-desktop=\"0\" data-mobi=\"40\" data-smobi=\"40\"><\/div><\/div><\/div><\/div><div class=\"wpb_column vc_column_container vc_col-sm-6\"><div class=\"vc_column-inner\"><div class=\"wpb_wrapper\"><div class=\"agrikole-content-box clearfix\" data-padding=\"0px 70px 0px 0px\" data-mobipadding=\"0px 0px 0px 0px\" data-margin=\"\" data-mobimargin=\"\" >\r\n\t\t<div class=\"inner ctb-787731932\" style=\"\"  data-background=\"\" data-border-style=\"solid\" data-border-style-hover=\"solid\">\r\n\t\t\t<div class=\"agrikole-simple-image simple\" style=\"\">\r\n\t\t\t\t<img decoding=\"async\" alt=\"image\" src=\"https:\/\/www.diabemix.com\/wp-content\/uploads\/2021\/02\/diabemix-bio-produit-3.jpg\" \/> \r\n\t\t\t<\/div>\r\n\t\t<\/div>\r\n\t<\/div><\/div><\/div><\/div><\/div><\/div><\/div>\r\n\t<div class=\"agrikole-spacer clearfix\" data-desktop=\"120\" data-mobi=\"60\" data-smobi=\"60\"><\/div><\/div><\/div><\/div><\/div><\/div><\/section><\/div><div class=\"vc-custom-col-spacing clearfix vc-col-spacing-30\"><section class=\"wpb_row vc_row-fluid wpb_animate_when_almost_visible wpb_fadeIn fadeIn row-content-position-Default\"><div class=\"agrikole-container\"><div class=\"row-inner clearfix\"><div class=\"wpb_column vc_column_container vc_col-sm-12 vc_hidden-xs\"><div class=\"vc_column-inner\"><div class=\"wpb_wrapper\"><div class=\"agrikole-headings clearfix\" data-font=\"42\" data-mfont=\"32\" style=\"\"><h3 class=\"heading clearfix\" style=\"color:#40525a;margin-bottom:20px;font-size:42px;\">\r\n\t\tNutrition facts\r\n\t<\/h3><\/div>\n\t<div class=\"wpb_text_column wpb_content_element\" >\n\t\t<div class=\"wpb_wrapper\">\n\t\t\t<table class=\"bio\" style=\"width: 100%;\">\n<tbody>\n<tr style=\"height: 21px;\">\n<th style=\"height: 21px; width: 50%;\">Nutrition facts for 100 g of bread<\/th>\n<th style=\"height: 21px; width: 25%;\">Organic Diabemix\u00ae bread **<\/th>\n<th style=\"height: 21px; width: 25%;\">Regular bread or baguette ***<\/th>\n<\/tr>\n<tr style=\"height: 21px;\">\n<td style=\"height: 21px;\">\n<p class=\"tableau-bold\">Calories<\/p>\n<\/td>\n<td style=\"height: 21px;\">\n<p class=\"tableau-bold\">257 kcal (soit 1083 kJ)<\/p>\n<\/td>\n<td style=\"height: 21px;\">\n<p class=\"tableau-bold\">283 kcal (soit 1200 kJ)<\/p>\n<\/td>\n<\/tr>\n<tr style=\"height: 81px;\">\n<td style=\"height: 81px;\">\n<p class=\"tableau-bold\">Total fat<\/p>\n<p>Saturated fat<\/td>\n<td style=\"height: 81px;\">\n<p class=\"tableau-bold\">5,4 g<\/p>\n<p>0,76 g<\/td>\n<td style=\"height: 81px;\">\n<p class=\"tableau-bold\">2,5 g<\/p>\n<p>0,3 g<\/td>\n<\/tr>\n<tr style=\"height: 81px;\">\n<td style=\"height: 81px;\">\n<p class=\"tableau-bold\">Glucides<\/p>\n<p>Sugars<\/td>\n<td style=\"height: 81px;\">36 g<\/p>\n<p>2,6 g<\/td>\n<td style=\"height: 81px;\">54,2 g<\/p>\n<p>2,7 g<\/td>\n<\/tr>\n<tr style=\"height: 21px;\">\n<td style=\"height: 21px;\">\n<p class=\"tableau-bold\">Protein<\/p>\n<\/td>\n<td style=\"height: 21px;\">\n<p class=\"tableau-bold\">13,7 g<\/p>\n<\/td>\n<td style=\"height: 21px;\">\n<p class=\"tableau-bold\">9,4 g<\/p>\n<\/td>\n<\/tr>\n<tr style=\"height: 21px;\">\n<td style=\"height: 21px;\">\n<p class=\"tableau-bold\">Dietary fibres<\/p>\n<\/td>\n<td style=\"height: 21px;\">\n<p class=\"tableau-bold\">7,5 g<\/p>\n<\/td>\n<td style=\"height: 21px;\">\n<p class=\"tableau-bold\">2,9 g<\/p>\n<\/td>\n<\/tr>\n<tr style=\"height: 21px;\">\n<td style=\"height: 21px;\">\n<p class=\"tableau-bold\">Salt<\/p>\n<\/td>\n<td style=\"height: 21px;\">\n<p class=\"tableau-bold\">1,1 g<\/p>\n<\/td>\n<td style=\"height: 21px;\">\n<p class=\"tableau-bold\">1,6 g<\/p>\n<\/td>\n<\/tr>\n<\/tbody>\n<\/table>\n\n\t\t<\/div>\n\t<\/div>\n\r\n\t<div class=\"agrikole-spacer clearfix\" data-desktop=\"40\" data-mobi=\"20\" data-smobi=\"20\"><\/div>\n\t<div class=\"wpb_text_column wpb_content_element\" >\n\t\t<div class=\"wpb_wrapper\">\n\t\t\t<p style=\"font-size: 15px;\">*Compared to a regular baguette.<br \/>\n** Under condition to strictly follow the given recipe<br \/>\n*** Data from \"l\u2019Observatoire du Pain et de la table Ciqual 2017.\"<\/p>\n\n\t\t<\/div>\n\t<\/div>\n<\/div><\/div><\/div><\/div><\/div><\/section><\/div><div class=\"vc-custom-col-spacing clearfix vc-col-spacing-30\"><section class=\"wpb_row vc_row-fluid wpb_animate_when_almost_visible wpb_fadeIn fadeIn row-content-position-Default\"><div class=\"agrikole-container\"><div class=\"row-inner clearfix\"><div class=\"wpb_column vc_column_container vc_col-sm-12 vc_hidden-xs\"><div class=\"vc_column-inner\"><div class=\"wpb_wrapper\"><div class=\"agrikole-simple-image simple\" style=\"\">\r\n\t\t\t\t<img decoding=\"async\" alt=\"image\" src=\"https:\/\/www.diabemix.com\/wp-content\/uploads\/2021\/02\/tartines-diabemix.jpg\" \/> \r\n\t\t\t<\/div>\r\n\t<div class=\"agrikole-spacer clearfix\" data-desktop=\"120\" data-mobi=\"60\" data-smobi=\"60\"><\/div><\/div><\/div><\/div><\/div><\/div><\/section><\/div><div class=\"vc-custom-col-spacing clearfix vc-col-spacing-30\"><section class=\"wpb_row vc_row-fluid wpb_animate_when_almost_visible wpb_fadeIn fadeIn row-content-position-Default\"><div class=\"agrikole-container\"><div class=\"row-inner clearfix\"><div class=\"wpb_column vc_column_container vc_col-sm-12 vc_hidden-lg vc_hidden-md vc_hidden-sm\"><div class=\"vc_column-inner\"><div class=\"wpb_wrapper\"><div class=\"agrikole-headings clearfix\" data-font=\"42\" data-mfont=\"32\" style=\"\"><h3 class=\"heading clearfix\" style=\"color:#40525a;margin-bottom:20px;font-size:42px;\">\r\n\t\tNutrition facts\r\n\t<\/h3><\/div><div class=\"agrikole-simple-image simple\" style=\"\">\r\n\t\t\t\t<img decoding=\"async\" alt=\"image\" src=\"https:\/\/www.diabemix.com\/wp-content\/uploads\/2021\/02\/erreur-responsive.jpg\" \/> \r\n\t\t\t<\/div>\n\t<div class=\"wpb_text_column wpb_content_element\" >\n\t\t<div class=\"wpb_wrapper\">\n\t\t\t<p>Cette rubrique n&rsquo;est pas adapt\u00e9e aux mobiles.<\/p>\n\n\t\t<\/div>\n\t<\/div>\n\r\n\t<div class=\"agrikole-spacer clearfix\" data-desktop=\"40\" data-mobi=\"20\" data-smobi=\"20\"><\/div><div class=\"agrikole-simple-image simple\" style=\"\">\r\n\t\t\t\t<img decoding=\"async\" alt=\"image\" src=\"https:\/\/www.diabemix.com\/wp-content\/uploads\/2021\/02\/tartines-diabemix.jpg\" \/> \r\n\t\t\t<\/div>\r\n\t<div class=\"agrikole-spacer clearfix\" data-desktop=\"120\" data-mobi=\"60\" data-smobi=\"60\"><\/div><\/div><\/div><\/div><\/div><\/div><\/section><\/div><div class=\"vc-custom-col-spacing clearfix vc-col-spacing-30\"><section class=\"wpb_row vc_row-fluid wpb_animate_when_almost_visible wpb_fadeIn fadeIn row-content-position-Default\"><div class=\"agrikole-container\"><div class=\"row-inner clearfix\"><div class=\"wpb_column vc_column_container vc_col-sm-12\"><div class=\"vc_column-inner\"><div class=\"wpb_wrapper\"><div class=\"agrikole-content-box clearfix\" ><div class=\"vc-custom-col-inner-spacing clearfix vc-col-inner-spacing-30\"><div class=\"wpb_row vc_inner vc_row-fluid\"><div class=\"wpb_column vc_column_container vc_col-sm-6\"><div class=\"vc_column-inner\"><div class=\"wpb_wrapper\"><div class=\"agrikole-content-box clearfix\" data-padding=\"0px 70px 0px 0px\" data-mobipadding=\"0px 0px 0px 0px\" data-margin=\"\" data-mobimargin=\"\" >\r\n\t\t<div class=\"inner ctb-802108620\" style=\"\"  data-background=\"\" data-border-style=\"solid\" data-border-style-hover=\"solid\">\r\n\t\t\t<div class=\"agrikole-simple-image simple\" style=\"\">\r\n\t\t\t\t<img decoding=\"async\" alt=\"image\" src=\"https:\/\/www.diabemix.com\/wp-content\/uploads\/2021\/02\/voir-les-recettes-diabemix-bio.jpg\" \/> \r\n\t\t\t<\/div>\r\n\t\t<\/div>\r\n\t<\/div>\r\n\t<div class=\"agrikole-spacer clearfix\" data-desktop=\"0\" data-mobi=\"40\" data-smobi=\"40\"><\/div><\/div><\/div><\/div><div class=\"wpb_column vc_column_container vc_col-sm-6\"><div class=\"vc_column-inner\"><div class=\"wpb_wrapper\">\r\n\t<div class=\"agrikole-spacer clearfix\" data-desktop=\"20\" data-mobi=\"20\" data-smobi=\"20\"><\/div><div class=\"agrikole-headings clearfix\" data-font=\"70\" data-mfont=\"50\" style=\"\"><h2 class=\"heading clearfix\" style=\"color:#40525a;line-height:70px;margin-bottom:20px;font-size:70px;\">\r\n\t\tDiscover the recipe to prepare gourmet breads with organic Diabemix\r\n\t<\/h2><\/div>\r\n\t<div class=\"agrikole-spacer clearfix\" data-desktop=\"60\" data-mobi=\"40\" data-smobi=\"40\"><\/div><div class=\"button-wrap icon-right\" style=\"\" ><a href=\"https:\/\/www.diabemix.com\/en\/project\/pain-diabemix-bio\/\" target=\"_self\" class=\"agrikole-button btn-1545261269 medium no_icon custom custom\" style=\"border-radius:5px;\"  data-background=\"#8dc63f\" data-text=\"#ffffff\" data-text-hover=\"#ffffff\" data-background-hover=\"#70ac1e\">\r\n\t\t<span style=\"\">See recipe <\/span>\r\n\t<\/a><\/div>\r\n\t<div class=\"agrikole-spacer clearfix\" data-desktop=\"20\" data-mobi=\"20\" data-smobi=\"20\"><\/div><\/div><\/div><\/div><\/div><\/div><\/div>\r\n\t<div class=\"agrikole-spacer clearfix\" data-desktop=\"120\" data-mobi=\"60\" data-smobi=\"60\"><\/div><\/div><\/div><\/div><\/div><\/div><\/section><\/div><div class=\"vc-custom-col-spacing clearfix vc-col-spacing-30\"><section class=\"wpb_row vc_row-fluid wpb_animate_when_almost_visible wpb_fadeIn fadeIn no-padding row-content-position-middle row-equal-height\"><div class=\"row-inner clearfix\"><div class=\"wpb_column vc_column_container vc_col-sm-6 vc_col-has-fill\"><div class=\"vc_column-inner vc_custom_1613070386663\"><div class=\"wpb_wrapper\"><\/div><\/div><\/div><div class=\"wpb_column vc_column_container vc_col-sm-6 vc_col-has-fill\"><div class=\"vc_column-inner vc_custom_1613070214875\"><div class=\"wpb_wrapper\"><div class=\"agrikole-content-box clearfix cta-texte\" data-padding=\"170px 20% 170px 20%\" data-mobipadding=\"60px 20% 60px 20%\" data-margin=\"\" data-mobimargin=\"\" >\r\n\t\t<div class=\"inner ctb-1284125436\" style=\"\"  data-background=\"\" data-border-style=\"solid\" data-border-style-hover=\"solid\">\r\n\t\t\t<h2 class=\"agrikole-text clearfix text-center\" style=\"font-size:60px;line-height:72px;color:#40525a;\"><p>Feel free to ask Diabemix to your baker !<\/p>\n<\/h2>\r\n\t\t<\/div>\r\n\t<\/div><\/div><\/div><\/div><\/div><\/section><\/div>\n<\/div>","protected":false},"excerpt":{"rendered":"Un pain gourmand alliant di\u00e9t\u00e9tique et plaisir ! \u00c0 teneur r\u00e9duite en glucides et en sel* Riche en fibres Riche en prot\u00e9ines Bonne conservation du pain Graines croquantes de tournesol, de quinoa et de chia Composition nutritionnelle Composition nutritionnelle pour 100g Pain Diab\u00e9mix\u00ae BIO ** Pain, baguette courante *** Valeurs","protected":false},"author":1,"featured_media":0,"parent":0,"menu_order":0,"comment_status":"closed","ping_status":"closed","template":"","meta":{"footnotes":""},"class_list":["post-14660","page","type-page","status-publish","hentry"],"yoast_head":"<!-- This site is optimized with the Yoast SEO plugin v23.9 - https:\/\/yoast.com\/wordpress\/plugins\/seo\/ -->\n<title>Diab\u00e9mix BIO - Un pain BIO gourmand alliant di\u00e9t\u00e9tique et plaisir !<\/title>\n<meta name=\"description\" content=\"Une s\u00e9lection d\u2019ingr\u00e9dients biologiques savoureux et originaux pour vous apporter plaisir gustatif et di\u00e9t\u00e9tique \u00e0 chaque instant.\" \/>\n<meta name=\"robots\" content=\"index, follow, max-snippet:-1, max-image-preview:large, max-video-preview:-1\" \/>\n<link rel=\"canonical\" href=\"https:\/\/www.diabemix.com\/en\/diabemix-bio\/\" \/>\n<meta property=\"og:locale\" content=\"en_US\" \/>\n<meta property=\"og:type\" content=\"article\" \/>\n<meta property=\"og:title\" content=\"Diab\u00e9mix BIO - Un pain BIO gourmand alliant di\u00e9t\u00e9tique et plaisir !\" \/>\n<meta property=\"og:description\" content=\"Une s\u00e9lection d\u2019ingr\u00e9dients biologiques savoureux et originaux pour vous apporter plaisir gustatif et di\u00e9t\u00e9tique \u00e0 chaque instant.\" \/>\n<meta property=\"og:url\" content=\"https:\/\/www.diabemix.com\/en\/diabemix-bio\/\" \/>\n<meta property=\"og:site_name\" content=\"Diabemix\" \/>\n<meta property=\"article:modified_time\" content=\"2024-11-13T16:05:55+00:00\" \/>\n<meta name=\"twitter:card\" content=\"summary_large_image\" \/>\n<meta name=\"twitter:label1\" content=\"Est. reading time\" \/>\n\t<meta name=\"twitter:data1\" content=\"3 minutes\" \/>\n<script type=\"application\/ld+json\" class=\"yoast-schema-graph\">{\"@context\":\"https:\/\/schema.org\",\"@graph\":[{\"@type\":\"WebPage\",\"@id\":\"https:\/\/www.diabemix.com\/diabemix-bio\/\",\"url\":\"https:\/\/www.diabemix.com\/diabemix-bio\/\",\"name\":\"Diab\u00e9mix BIO - Un pain BIO gourmand alliant di\u00e9t\u00e9tique et plaisir !\",\"isPartOf\":{\"@id\":\"https:\/\/www.diabemix.com\/#website\"},\"datePublished\":\"2021-02-12T13:32:36+00:00\",\"dateModified\":\"2024-11-13T16:05:55+00:00\",\"description\":\"Une s\u00e9lection d\u2019ingr\u00e9dients biologiques savoureux et originaux pour vous apporter plaisir gustatif et di\u00e9t\u00e9tique \u00e0 chaque instant.\",\"breadcrumb\":{\"@id\":\"https:\/\/www.diabemix.com\/diabemix-bio\/#breadcrumb\"},\"inLanguage\":\"en-US\",\"potentialAction\":[{\"@type\":\"ReadAction\",\"target\":[\"https:\/\/www.diabemix.com\/diabemix-bio\/\"]}]},{\"@type\":\"BreadcrumbList\",\"@id\":\"https:\/\/www.diabemix.com\/diabemix-bio\/#breadcrumb\",\"itemListElement\":[{\"@type\":\"ListItem\",\"position\":1,\"name\":\"Accueil\",\"item\":\"https:\/\/www.diabemix.com\/\"},{\"@type\":\"ListItem\",\"position\":2,\"name\":\"Diab\u00e9mix BIO\"}]},{\"@type\":\"WebSite\",\"@id\":\"https:\/\/www.diabemix.com\/#website\",\"url\":\"https:\/\/www.diabemix.com\/\",\"name\":\"Diabemix\",\"description\":\"Farine pour pain \u00e0 teneur en glucides r\u00e9duite\",\"potentialAction\":[{\"@type\":\"SearchAction\",\"target\":{\"@type\":\"EntryPoint\",\"urlTemplate\":\"https:\/\/www.diabemix.com\/?s={search_term_string}\"},\"query-input\":{\"@type\":\"PropertyValueSpecification\",\"valueRequired\":true,\"valueName\":\"search_term_string\"}}],\"inLanguage\":\"en-US\"}]}<\/script>\n<!-- \/ Yoast SEO plugin. -->","yoast_head_json":{"title":"Diab\u00e9mix BIO - Un pain BIO gourmand alliant di\u00e9t\u00e9tique et plaisir !","description":"Une s\u00e9lection d\u2019ingr\u00e9dients biologiques savoureux et originaux pour vous apporter plaisir gustatif et di\u00e9t\u00e9tique \u00e0 chaque instant.","robots":{"index":"index","follow":"follow","max-snippet":"max-snippet:-1","max-image-preview":"max-image-preview:large","max-video-preview":"max-video-preview:-1"},"canonical":"https:\/\/www.diabemix.com\/en\/diabemix-bio\/","og_locale":"en_US","og_type":"article","og_title":"Diab\u00e9mix BIO - Un pain BIO gourmand alliant di\u00e9t\u00e9tique et plaisir !","og_description":"Une s\u00e9lection d\u2019ingr\u00e9dients biologiques savoureux et originaux pour vous apporter plaisir gustatif et di\u00e9t\u00e9tique \u00e0 chaque instant.","og_url":"https:\/\/www.diabemix.com\/en\/diabemix-bio\/","og_site_name":"Diabemix","article_modified_time":"2024-11-13T16:05:55+00:00","twitter_card":"summary_large_image","twitter_misc":{"Est. reading time":"3 minutes"},"schema":{"@context":"https:\/\/schema.org","@graph":[{"@type":"WebPage","@id":"https:\/\/www.diabemix.com\/diabemix-bio\/","url":"https:\/\/www.diabemix.com\/diabemix-bio\/","name":"Diab\u00e9mix BIO - Un pain BIO gourmand alliant di\u00e9t\u00e9tique et plaisir !","isPartOf":{"@id":"https:\/\/www.diabemix.com\/#website"},"datePublished":"2021-02-12T13:32:36+00:00","dateModified":"2024-11-13T16:05:55+00:00","description":"Une s\u00e9lection d\u2019ingr\u00e9dients biologiques savoureux et originaux pour vous apporter plaisir gustatif et di\u00e9t\u00e9tique \u00e0 chaque instant.","breadcrumb":{"@id":"https:\/\/www.diabemix.com\/diabemix-bio\/#breadcrumb"},"inLanguage":"en-US","potentialAction":[{"@type":"ReadAction","target":["https:\/\/www.diabemix.com\/diabemix-bio\/"]}]},{"@type":"BreadcrumbList","@id":"https:\/\/www.diabemix.com\/diabemix-bio\/#breadcrumb","itemListElement":[{"@type":"ListItem","position":1,"name":"Accueil","item":"https:\/\/www.diabemix.com\/"},{"@type":"ListItem","position":2,"name":"Diab\u00e9mix BIO"}]},{"@type":"WebSite","@id":"https:\/\/www.diabemix.com\/#website","url":"https:\/\/www.diabemix.com\/","name":"Diabemix","description":"Farine pour pain \u00e0 teneur en glucides r\u00e9duite","potentialAction":[{"@type":"SearchAction","target":{"@type":"EntryPoint","urlTemplate":"https:\/\/www.diabemix.com\/?s={search_term_string}"},"query-input":{"@type":"PropertyValueSpecification","valueRequired":true,"valueName":"search_term_string"}}],"inLanguage":"en-US"}]}},"_links":{"self":[{"href":"https:\/\/www.diabemix.com\/en\/wp-json\/wp\/v2\/pages\/14660","targetHints":{"allow":["GET"]}}],"collection":[{"href":"https:\/\/www.diabemix.com\/en\/wp-json\/wp\/v2\/pages"}],"about":[{"href":"https:\/\/www.diabemix.com\/en\/wp-json\/wp\/v2\/types\/page"}],"author":[{"embeddable":true,"href":"https:\/\/www.diabemix.com\/en\/wp-json\/wp\/v2\/users\/1"}],"replies":[{"embeddable":true,"href":"https:\/\/www.diabemix.com\/en\/wp-json\/wp\/v2\/comments?post=14660"}],"version-history":[{"count":16,"href":"https:\/\/www.diabemix.com\/en\/wp-json\/wp\/v2\/pages\/14660\/revisions"}],"predecessor-version":[{"id":123027,"href":"https:\/\/www.diabemix.com\/en\/wp-json\/wp\/v2\/pages\/14660\/revisions\/123027"}],"wp:attachment":[{"href":"https:\/\/www.diabemix.com\/en\/wp-json\/wp\/v2\/media?parent=14660"}],"curies":[{"name":"wp","href":"https:\/\/api.w.org\/{rel}","templated":true}]}}