{"id":14630,"date":"2021-02-12T11:01:42","date_gmt":"2021-02-12T10:01:42","guid":{"rendered":"https:\/\/www.diabemix.com\/?page_id=14630"},"modified":"2024-11-13T17:14:08","modified_gmt":"2024-11-13T16:14:08","slug":"diabemix","status":"publish","type":"page","link":"https:\/\/www.diabemix.com\/en\/diabemix\/","title":{"rendered":"Diabemix"},"content":{"rendered":"<div class=\"wpb-content-wrapper\"><div class=\"vc-custom-col-spacing clearfix vc-col-spacing-30\"><section class=\"wpb_row vc_row-fluid wpb_animate_when_almost_visible wpb_fadeIn fadeIn row-content-position-Default\"><div class=\"agrikole-container\"><div class=\"row-inner clearfix\"><div class=\"wpb_column vc_column_container vc_col-sm-12\"><div class=\"vc_column-inner\"><div class=\"wpb_wrapper\">\r\n\t<div class=\"agrikole-spacer clearfix\" data-desktop=\"100\" data-mobi=\"60\" data-smobi=\"60\"><\/div><div class=\"agrikole-content-box clearfix\" ><div class=\"vc-custom-col-inner-spacing clearfix vc-col-inner-spacing-30\"><div class=\"wpb_row vc_inner vc_row-fluid\"><div class=\"wpb_column vc_column_container vc_col-sm-6\"><div class=\"vc_column-inner\"><div class=\"wpb_wrapper\">\r\n\t<div class=\"agrikole-spacer clearfix\" data-desktop=\"20\" data-mobi=\"20\" data-smobi=\"20\"><\/div><div class=\"agrikole-headings clearfix\" data-font=\"70\" data-mfont=\"50\" style=\"\"><h2 class=\"heading clearfix\" style=\"color:#40525a;line-height:70px;margin-bottom:20px;font-size:70px;\">\r\n\t\tDiabemix, le mix aux graines<br \/>\nalliant plaisir et di\u00e9t\u00e9tique\r\n\t<\/h2><div class=\"sep clearfix\" style=\"margin:0px 0px 40px 0px;\">\r\n\t\t\t\t<img decoding=\"async\" alt=\"image\" src=\"https:\/\/www.diabemix.com\/wp-content\/uploads\/2021\/02\/separate-red.png\">\r\n\t\t\t<\/div><\/div>\n\t<div class=\"wpb_text_column wpb_content_element\" >\n\t\t<div class=\"wpb_wrapper\">\n\t\t\t<p>Une pr\u00e9paration pr\u00eate \u00e0 l\u2019emploi pour la r\u00e9alisation d\u2019un savoureux pain aux graines croquantes \u00e0 teneur en glucides r\u00e9duite, riche en prot\u00e9ines et en fibres. Tous les ingr\u00e9dients sont dans le m\u00e9lange, vous n\u2019avez plus qu\u2019\u00e0 ajouter l\u2019eau et suivre la recette (\u00e0 la main ou en machine \u00e0 pain).<\/p>\n\n\t\t<\/div>\n\t<\/div>\n\r\n\t<div class=\"agrikole-spacer clearfix\" data-desktop=\"20\" data-mobi=\"20\" data-smobi=\"20\"><\/div><div class=\"agrikole-list clearfix icon-top\" >\r\n\t\t<div style=\"margin-bottom:2px;\">\r\n\t\t\t<span style=\"padding-left:33px;\"><span class=\"icon\" style=\"color:#e2011a;font-size:16px;\">\r\n\t\t\t<i class=\"vc-oi vc-oi-ok\"><\/i>\r\n\t\t<\/span> <span style=\"font-size:16px;\">\u00c0 teneur r\u00e9duite en glucides et en sel*<\/span><\/span>\r\n\t\t<\/div>\r\n\t<\/div><div class=\"agrikole-list clearfix icon-top\" >\r\n\t\t<div style=\"margin-bottom:2px;\">\r\n\t\t\t<span style=\"padding-left:33px;\"><span class=\"icon\" style=\"color:#e2011a;font-size:16px;\">\r\n\t\t\t<i class=\"vc-oi vc-oi-ok\"><\/i>\r\n\t\t<\/span> <span style=\"font-size:16px;\">Rich in fibres<\/span><\/span>\r\n\t\t<\/div>\r\n\t<\/div><div class=\"agrikole-list clearfix icon-top\" >\r\n\t\t<div style=\"margin-bottom:2px;\">\r\n\t\t\t<span style=\"padding-left:33px;\"><span class=\"icon\" style=\"color:#e2011a;font-size:16px;\">\r\n\t\t\t<i class=\"vc-oi vc-oi-ok\"><\/i>\r\n\t\t<\/span> <span style=\"font-size:16px;\">Riche en prot\u00e9ines<\/span><\/span>\r\n\t\t<\/div>\r\n\t<\/div><div class=\"agrikole-list clearfix icon-top\" >\r\n\t\t<div style=\"margin-bottom:2px;\">\r\n\t\t\t<span style=\"padding-left:33px;\"><span class=\"icon\" style=\"color:#e2011a;font-size:16px;\">\r\n\t\t\t<i class=\"vc-oi vc-oi-ok\"><\/i>\r\n\t\t<\/span> <span style=\"font-size:16px;\">Low sugars content<\/span><\/span>\r\n\t\t<\/div>\r\n\t<\/div>\r\n\t<div class=\"agrikole-spacer clearfix\" data-desktop=\"0\" data-mobi=\"40\" data-smobi=\"40\"><\/div><\/div><\/div><\/div><div class=\"wpb_column vc_column_container vc_col-sm-6\"><div class=\"vc_column-inner\"><div class=\"wpb_wrapper\"><div class=\"agrikole-content-box clearfix\" data-padding=\"0px 70px 0px 0px\" data-mobipadding=\"0px 0px 0px 0px\" data-margin=\"\" data-mobimargin=\"\" >\r\n\t\t<div class=\"inner ctb-1085952951\" style=\"\"  data-background=\"\" data-border-style=\"solid\" data-border-style-hover=\"solid\">\r\n\t\t\t<div class=\"agrikole-simple-image simple\" style=\"\">\r\n\t\t\t\t<img decoding=\"async\" alt=\"image\" src=\"https:\/\/www.diabemix.com\/wp-content\/uploads\/2021\/02\/diabemix-produit-3.jpg\" \/> \r\n\t\t\t<\/div>\r\n\t\t<\/div>\r\n\t<\/div><\/div><\/div><\/div><\/div><\/div><\/div>\r\n\t<div class=\"agrikole-spacer clearfix\" data-desktop=\"120\" data-mobi=\"60\" data-smobi=\"60\"><\/div><\/div><\/div><\/div><\/div><\/div><\/section><\/div><div class=\"vc-custom-col-spacing clearfix vc-col-spacing-30\"><section class=\"wpb_row vc_row-fluid wpb_animate_when_almost_visible wpb_fadeIn fadeIn row-content-position-Default\"><div class=\"agrikole-container\"><div class=\"row-inner clearfix\"><div class=\"wpb_column vc_column_container vc_col-sm-12 vc_hidden-xs\"><div class=\"vc_column-inner\"><div class=\"wpb_wrapper\"><div class=\"agrikole-headings clearfix\" data-font=\"42\" data-mfont=\"32\" style=\"\"><h3 class=\"heading clearfix\" style=\"color:#40525a;margin-bottom:20px;font-size:42px;\">\r\n\t\tNutrition facts\r\n\t<\/h3><\/div>\n\t<div class=\"wpb_text_column wpb_content_element\" >\n\t\t<div class=\"wpb_wrapper\">\n\t\t\t<table style=\"width: 100%;\">\n<tbody>\n<tr style=\"height: 21px;\">\n<th style=\"height: 21px; width: 50%;\">Nutrition facts for 100 g of bread<\/th>\n<th style=\"height: 21px; width: 25%;\">Diabemix bread\u00ae **<\/th>\n<th style=\"height: 21px; width: 25%;\">Regular bread or baguette ***<\/th>\n<\/tr>\n<tr style=\"height: 21px;\">\n<td style=\"height: 21px;\">\n<p class=\"tableau-bold\">Calories<\/p>\n<\/td>\n<td style=\"height: 21px;\">\n<p class=\"tableau-bold\">\u00a0265,8 kcal (soit 1119,4 kJ)<\/p>\n<\/td>\n<td style=\"height: 21px;\">\n<p class=\"tableau-bold\">283 kcal (soit 1200 kJ)<\/p>\n<\/td>\n<\/tr>\n<tr style=\"height: 81px;\">\n<td style=\"height: 81px;\">\n<p class=\"tableau-bold\">Total fat<\/p>\n<p>Saturated fat<\/td>\n<td style=\"height: 81px;\">\n<p class=\"tableau-bold\">5,2 g<\/p>\n<p>0,7 g<\/td>\n<td style=\"height: 81px;\">\n<p class=\"tableau-bold\">2,5 g<\/p>\n<p>0,3 g<\/td>\n<\/tr>\n<tr style=\"height: 81px;\">\n<td style=\"height: 81px;\">\n<p class=\"tableau-bold\">Glucides<\/p>\n<p>Sugars<\/td>\n<td style=\"height: 81px;\">37 g<\/p>\n<p>2,3 g<\/td>\n<td style=\"height: 81px;\">54,2 g<\/p>\n<p>2,7 g<\/td>\n<\/tr>\n<tr style=\"height: 21px;\">\n<td style=\"height: 21px;\">\n<p class=\"tableau-bold\">Protein<\/p>\n<\/td>\n<td style=\"height: 21px;\">\n<p class=\"tableau-bold\">14 g<\/p>\n<\/td>\n<td style=\"height: 21px;\">\n<p class=\"tableau-bold\">9,4 g<\/p>\n<\/td>\n<\/tr>\n<tr style=\"height: 21px;\">\n<td style=\"height: 21px;\">\n<p class=\"tableau-bold\">Dietary fibres<\/p>\n<\/td>\n<td style=\"height: 21px;\">\n<p class=\"tableau-bold\">7,5 g<\/p>\n<\/td>\n<td style=\"height: 21px;\">\n<p class=\"tableau-bold\">2,9 g<\/p>\n<\/td>\n<\/tr>\n<tr style=\"height: 21px;\">\n<td style=\"height: 21px;\">\n<p class=\"tableau-bold\">Salt<\/p>\n<\/td>\n<td style=\"height: 21px;\">\n<p class=\"tableau-bold\">0,8 g<\/p>\n<\/td>\n<td style=\"height: 21px;\">\n<p class=\"tableau-bold\">1,6 g<\/p>\n<\/td>\n<\/tr>\n<\/tbody>\n<\/table>\n\n\t\t<\/div>\n\t<\/div>\n\r\n\t<div class=\"agrikole-spacer clearfix\" data-desktop=\"40\" data-mobi=\"20\" data-smobi=\"20\"><\/div>\n\t<div class=\"wpb_text_column wpb_content_element\" >\n\t\t<div class=\"wpb_wrapper\">\n\t\t\t<p style=\"font-size: 15px;\">*Compared to a regular baguette.<br \/>\n** Under condition to strictly follow the given recipe<br \/>\n*** Data from \"l\u2019Observatoire du Pain et de la table Ciqual 2017.\"<\/p>\n\n\t\t<\/div>\n\t<\/div>\n<\/div><\/div><\/div><\/div><\/div><\/section><\/div><div class=\"vc-custom-col-spacing clearfix vc-col-spacing-30\"><section class=\"wpb_row vc_row-fluid wpb_animate_when_almost_visible wpb_fadeIn fadeIn row-content-position-Default\"><div class=\"agrikole-container\"><div class=\"row-inner clearfix\"><div class=\"wpb_column vc_column_container vc_col-sm-12 vc_hidden-xs\"><div class=\"vc_column-inner\"><div class=\"wpb_wrapper\"><div class=\"agrikole-simple-image simple\" style=\"\">\r\n\t\t\t\t<img decoding=\"async\" alt=\"image\" src=\"https:\/\/www.diabemix.com\/wp-content\/uploads\/2021\/02\/tartines-diabemix.jpg\" \/> \r\n\t\t\t<\/div>\r\n\t<div class=\"agrikole-spacer clearfix\" data-desktop=\"120\" data-mobi=\"60\" data-smobi=\"60\"><\/div><\/div><\/div><\/div><\/div><\/div><\/section><\/div><div class=\"vc-custom-col-spacing clearfix vc-col-spacing-30\"><section class=\"wpb_row vc_row-fluid wpb_animate_when_almost_visible wpb_fadeIn fadeIn row-content-position-Default\"><div class=\"agrikole-container\"><div class=\"row-inner clearfix\"><div class=\"wpb_column vc_column_container vc_col-sm-12 vc_hidden-lg vc_hidden-md vc_hidden-sm\"><div class=\"vc_column-inner\"><div class=\"wpb_wrapper\"><div class=\"agrikole-headings clearfix\" data-font=\"42\" data-mfont=\"32\" style=\"\"><h3 class=\"heading clearfix\" style=\"color:#40525a;margin-bottom:20px;font-size:42px;\">\r\n\t\tNutrition facts\r\n\t<\/h3><\/div><div class=\"agrikole-simple-image simple\" style=\"\">\r\n\t\t\t\t<img decoding=\"async\" alt=\"image\" src=\"https:\/\/www.diabemix.com\/wp-content\/uploads\/2021\/02\/erreur-responsive.jpg\" \/> \r\n\t\t\t<\/div>\n\t<div class=\"wpb_text_column wpb_content_element\" >\n\t\t<div class=\"wpb_wrapper\">\n\t\t\t<p>Cette rubrique n&rsquo;est pas adapt\u00e9e aux mobiles.<\/p>\n\n\t\t<\/div>\n\t<\/div>\n\r\n\t<div class=\"agrikole-spacer clearfix\" data-desktop=\"40\" data-mobi=\"20\" data-smobi=\"20\"><\/div><div class=\"agrikole-simple-image simple\" style=\"\">\r\n\t\t\t\t<img decoding=\"async\" alt=\"image\" src=\"https:\/\/www.diabemix.com\/wp-content\/uploads\/2021\/02\/tartines-diabemix.jpg\" \/> \r\n\t\t\t<\/div>\r\n\t<div class=\"agrikole-spacer clearfix\" data-desktop=\"120\" data-mobi=\"60\" data-smobi=\"60\"><\/div><\/div><\/div><\/div><\/div><\/div><\/section><\/div><div class=\"vc-custom-col-spacing clearfix vc-col-spacing-30\"><section class=\"wpb_row vc_row-fluid wpb_animate_when_almost_visible wpb_fadeIn fadeIn row-content-position-Default\"><div class=\"agrikole-container\"><div class=\"row-inner clearfix\"><div class=\"wpb_column vc_column_container vc_col-sm-12\"><div class=\"vc_column-inner\"><div class=\"wpb_wrapper\"><div class=\"agrikole-content-box clearfix\" ><div class=\"vc-custom-col-inner-spacing clearfix vc-col-inner-spacing-30\"><div class=\"wpb_row vc_inner vc_row-fluid\"><div class=\"wpb_column vc_column_container vc_col-sm-6\"><div class=\"vc_column-inner\"><div class=\"wpb_wrapper\"><div class=\"agrikole-content-box clearfix\" data-padding=\"0px 70px 0px 0px\" data-mobipadding=\"0px 0px 0px 0px\" data-margin=\"\" data-mobimargin=\"\" >\r\n\t\t<div class=\"inner ctb-777050942\" style=\"\"  data-background=\"\" data-border-style=\"solid\" data-border-style-hover=\"solid\">\r\n\t\t\t<div class=\"agrikole-simple-image simple\" style=\"\">\r\n\t\t\t\t<img decoding=\"async\" alt=\"image\" src=\"https:\/\/www.diabemix.com\/wp-content\/uploads\/2021\/02\/voir-les-recettes-diabemix.jpg\" \/> \r\n\t\t\t<\/div>\r\n\t\t<\/div>\r\n\t<\/div>\r\n\t<div class=\"agrikole-spacer clearfix\" data-desktop=\"0\" data-mobi=\"40\" data-smobi=\"40\"><\/div><\/div><\/div><\/div><div class=\"wpb_column vc_column_container vc_col-sm-6\"><div class=\"vc_column-inner\"><div class=\"wpb_wrapper\">\r\n\t<div class=\"agrikole-spacer clearfix\" data-desktop=\"20\" data-mobi=\"20\" data-smobi=\"20\"><\/div><div class=\"agrikole-headings clearfix\" data-font=\"70\" data-mfont=\"50\" style=\"\"><h2 class=\"heading clearfix\" style=\"color:#40525a;line-height:70px;margin-bottom:20px;font-size:70px;\">\r\n\t\tDiscover the recipe to prepare d\u00e9licious breads with Diabemix\r\n\t<\/h2><\/div>\r\n\t<div class=\"agrikole-spacer clearfix\" data-desktop=\"60\" data-mobi=\"40\" data-smobi=\"40\"><\/div><div class=\"button-wrap icon-right\" style=\"\" ><a href=\"https:\/\/www.diabemix.com\/en\/project\/pain-diabemix\/\" target=\"_self\" class=\"agrikole-button btn-609094973 medium no_icon custom custom\" style=\"border-radius:5px;\"  data-background=\"#e2011a\" data-text=\"#ffffff\" data-text-hover=\"#ffffff\" data-background-hover=\"#cb0118\">\r\n\t\t<span style=\"\">See recipe <\/span>\r\n\t<\/a><\/div>\r\n\t<div class=\"agrikole-spacer clearfix\" data-desktop=\"20\" data-mobi=\"20\" data-smobi=\"20\"><\/div><\/div><\/div><\/div><\/div><\/div><\/div>\r\n\t<div class=\"agrikole-spacer clearfix\" data-desktop=\"120\" data-mobi=\"60\" data-smobi=\"60\"><\/div><\/div><\/div><\/div><\/div><\/div><\/section><\/div><div class=\"vc-custom-col-spacing clearfix vc-col-spacing-30\"><section class=\"wpb_row vc_row-fluid wpb_animate_when_almost_visible wpb_fadeIn fadeIn no-padding row-content-position-middle row-equal-height\"><div class=\"row-inner clearfix\"><div class=\"wpb_column vc_column_container vc_col-sm-6 vc_col-has-fill\"><div class=\"vc_column-inner vc_custom_1613070386663\"><div class=\"wpb_wrapper\"><\/div><\/div><\/div><div class=\"wpb_column vc_column_container vc_col-sm-6 vc_col-has-fill\"><div class=\"vc_column-inner vc_custom_1613070214875\"><div class=\"wpb_wrapper\"><div class=\"agrikole-content-box clearfix cta-texte\" data-padding=\"170px 20% 170px 20%\" data-mobipadding=\"60px 20% 60px 20%\" data-margin=\"\" data-mobimargin=\"\" >\r\n\t\t<div class=\"inner ctb-26538101\" style=\"\"  data-background=\"\" data-border-style=\"solid\" data-border-style-hover=\"solid\">\r\n\t\t\t<h2 class=\"agrikole-text clearfix text-center\" style=\"font-size:60px;line-height:72px;color:#40525a;\"><p>Feel free to ask Diabemix to your baker !<\/p>\n<\/h2>\r\n\t\t<\/div>\r\n\t<\/div><\/div><\/div><\/div><\/div><\/section><\/div>\n<\/div>","protected":false},"excerpt":{"rendered":"Diabemix, le mix aux graines alliant plaisir et di\u00e9t\u00e9tique Une pr\u00e9paration pr\u00eate \u00e0 l\u2019emploi pour la r\u00e9alisation d\u2019un savoureux pain aux graines croquantes \u00e0 teneur en glucides r\u00e9duite, riche en prot\u00e9ines et en fibres. Tous les ingr\u00e9dients sont dans le m\u00e9lange, vous n\u2019avez plus qu\u2019\u00e0 ajouter l\u2019eau et suivre la","protected":false},"author":1,"featured_media":0,"parent":0,"menu_order":0,"comment_status":"closed","ping_status":"closed","template":"","meta":{"footnotes":""},"class_list":["post-14630","page","type-page","status-publish","hentry"],"yoast_head":"<!-- This site is optimized with the Yoast SEO plugin v23.9 - https:\/\/yoast.com\/wordpress\/plugins\/seo\/ -->\n<title>Diab\u00e9mix - La farine aux graines pour allier plaisir et di\u00e9t\u00e9tique<\/title>\n<meta name=\"description\" content=\"Une pr\u00e9paration pr\u00eate \u00e0 l\u2019emploi pour r\u00e9aliser un savoureux pain aux graines croquantes \u00e0 teneur en glucides r\u00e9duite et Index Glyc\u00e9mique Bas.\" \/>\n<meta name=\"robots\" content=\"index, follow, max-snippet:-1, max-image-preview:large, max-video-preview:-1\" \/>\n<link rel=\"canonical\" href=\"https:\/\/www.diabemix.com\/en\/diabemix\/\" \/>\n<meta property=\"og:locale\" content=\"en_US\" \/>\n<meta property=\"og:type\" content=\"article\" \/>\n<meta property=\"og:title\" content=\"Diab\u00e9mix - La farine aux graines pour allier plaisir et di\u00e9t\u00e9tique\" \/>\n<meta property=\"og:description\" content=\"Une pr\u00e9paration pr\u00eate \u00e0 l\u2019emploi pour r\u00e9aliser un savoureux pain aux graines croquantes \u00e0 teneur en glucides r\u00e9duite et Index Glyc\u00e9mique Bas.\" \/>\n<meta property=\"og:url\" content=\"https:\/\/www.diabemix.com\/en\/diabemix\/\" \/>\n<meta property=\"og:site_name\" content=\"Diabemix\" \/>\n<meta property=\"article:modified_time\" content=\"2024-11-13T16:14:08+00:00\" \/>\n<meta name=\"twitter:card\" content=\"summary_large_image\" \/>\n<meta name=\"twitter:label1\" content=\"Est. reading time\" \/>\n\t<meta name=\"twitter:data1\" content=\"3 minutes\" \/>\n<script type=\"application\/ld+json\" class=\"yoast-schema-graph\">{\"@context\":\"https:\/\/schema.org\",\"@graph\":[{\"@type\":\"WebPage\",\"@id\":\"https:\/\/www.diabemix.com\/diabemix\/\",\"url\":\"https:\/\/www.diabemix.com\/diabemix\/\",\"name\":\"Diab\u00e9mix - La farine aux graines pour allier plaisir et di\u00e9t\u00e9tique\",\"isPartOf\":{\"@id\":\"https:\/\/www.diabemix.com\/#website\"},\"datePublished\":\"2021-02-12T10:01:42+00:00\",\"dateModified\":\"2024-11-13T16:14:08+00:00\",\"description\":\"Une pr\u00e9paration pr\u00eate \u00e0 l\u2019emploi pour r\u00e9aliser un savoureux pain aux graines croquantes \u00e0 teneur en glucides r\u00e9duite et Index Glyc\u00e9mique Bas.\",\"breadcrumb\":{\"@id\":\"https:\/\/www.diabemix.com\/diabemix\/#breadcrumb\"},\"inLanguage\":\"en-US\",\"potentialAction\":[{\"@type\":\"ReadAction\",\"target\":[\"https:\/\/www.diabemix.com\/diabemix\/\"]}]},{\"@type\":\"BreadcrumbList\",\"@id\":\"https:\/\/www.diabemix.com\/diabemix\/#breadcrumb\",\"itemListElement\":[{\"@type\":\"ListItem\",\"position\":1,\"name\":\"Accueil\",\"item\":\"https:\/\/www.diabemix.com\/\"},{\"@type\":\"ListItem\",\"position\":2,\"name\":\"Diab\u00e9mix\"}]},{\"@type\":\"WebSite\",\"@id\":\"https:\/\/www.diabemix.com\/#website\",\"url\":\"https:\/\/www.diabemix.com\/\",\"name\":\"Diabemix\",\"description\":\"Farine pour pain \u00e0 teneur en glucides r\u00e9duite\",\"potentialAction\":[{\"@type\":\"SearchAction\",\"target\":{\"@type\":\"EntryPoint\",\"urlTemplate\":\"https:\/\/www.diabemix.com\/?s={search_term_string}\"},\"query-input\":{\"@type\":\"PropertyValueSpecification\",\"valueRequired\":true,\"valueName\":\"search_term_string\"}}],\"inLanguage\":\"en-US\"}]}<\/script>\n<!-- \/ Yoast SEO plugin. -->","yoast_head_json":{"title":"Diab\u00e9mix - La farine aux graines pour allier plaisir et di\u00e9t\u00e9tique","description":"Une pr\u00e9paration pr\u00eate \u00e0 l\u2019emploi pour r\u00e9aliser un savoureux pain aux graines croquantes \u00e0 teneur en glucides r\u00e9duite et Index Glyc\u00e9mique Bas.","robots":{"index":"index","follow":"follow","max-snippet":"max-snippet:-1","max-image-preview":"max-image-preview:large","max-video-preview":"max-video-preview:-1"},"canonical":"https:\/\/www.diabemix.com\/en\/diabemix\/","og_locale":"en_US","og_type":"article","og_title":"Diab\u00e9mix - La farine aux graines pour allier plaisir et di\u00e9t\u00e9tique","og_description":"Une pr\u00e9paration pr\u00eate \u00e0 l\u2019emploi pour r\u00e9aliser un savoureux pain aux graines croquantes \u00e0 teneur en glucides r\u00e9duite et Index Glyc\u00e9mique Bas.","og_url":"https:\/\/www.diabemix.com\/en\/diabemix\/","og_site_name":"Diabemix","article_modified_time":"2024-11-13T16:14:08+00:00","twitter_card":"summary_large_image","twitter_misc":{"Est. reading time":"3 minutes"},"schema":{"@context":"https:\/\/schema.org","@graph":[{"@type":"WebPage","@id":"https:\/\/www.diabemix.com\/diabemix\/","url":"https:\/\/www.diabemix.com\/diabemix\/","name":"Diab\u00e9mix - La farine aux graines pour allier plaisir et di\u00e9t\u00e9tique","isPartOf":{"@id":"https:\/\/www.diabemix.com\/#website"},"datePublished":"2021-02-12T10:01:42+00:00","dateModified":"2024-11-13T16:14:08+00:00","description":"Une pr\u00e9paration pr\u00eate \u00e0 l\u2019emploi pour r\u00e9aliser un savoureux pain aux graines croquantes \u00e0 teneur en glucides r\u00e9duite et Index Glyc\u00e9mique Bas.","breadcrumb":{"@id":"https:\/\/www.diabemix.com\/diabemix\/#breadcrumb"},"inLanguage":"en-US","potentialAction":[{"@type":"ReadAction","target":["https:\/\/www.diabemix.com\/diabemix\/"]}]},{"@type":"BreadcrumbList","@id":"https:\/\/www.diabemix.com\/diabemix\/#breadcrumb","itemListElement":[{"@type":"ListItem","position":1,"name":"Accueil","item":"https:\/\/www.diabemix.com\/"},{"@type":"ListItem","position":2,"name":"Diab\u00e9mix"}]},{"@type":"WebSite","@id":"https:\/\/www.diabemix.com\/#website","url":"https:\/\/www.diabemix.com\/","name":"Diabemix","description":"Farine pour pain \u00e0 teneur en glucides r\u00e9duite","potentialAction":[{"@type":"SearchAction","target":{"@type":"EntryPoint","urlTemplate":"https:\/\/www.diabemix.com\/?s={search_term_string}"},"query-input":{"@type":"PropertyValueSpecification","valueRequired":true,"valueName":"search_term_string"}}],"inLanguage":"en-US"}]}},"_links":{"self":[{"href":"https:\/\/www.diabemix.com\/en\/wp-json\/wp\/v2\/pages\/14630","targetHints":{"allow":["GET"]}}],"collection":[{"href":"https:\/\/www.diabemix.com\/en\/wp-json\/wp\/v2\/pages"}],"about":[{"href":"https:\/\/www.diabemix.com\/en\/wp-json\/wp\/v2\/types\/page"}],"author":[{"embeddable":true,"href":"https:\/\/www.diabemix.com\/en\/wp-json\/wp\/v2\/users\/1"}],"replies":[{"embeddable":true,"href":"https:\/\/www.diabemix.com\/en\/wp-json\/wp\/v2\/comments?post=14630"}],"version-history":[{"count":29,"href":"https:\/\/www.diabemix.com\/en\/wp-json\/wp\/v2\/pages\/14630\/revisions"}],"predecessor-version":[{"id":124253,"href":"https:\/\/www.diabemix.com\/en\/wp-json\/wp\/v2\/pages\/14630\/revisions\/124253"}],"wp:attachment":[{"href":"https:\/\/www.diabemix.com\/en\/wp-json\/wp\/v2\/media?parent=14630"}],"curies":[{"name":"wp","href":"https:\/\/api.w.org\/{rel}","templated":true}]}}