{"id":14611,"date":"2021-02-11T19:43:28","date_gmt":"2021-02-11T18:43:28","guid":{"rendered":"https:\/\/www.diabemix.com\/?page_id=14611"},"modified":"2021-02-22T13:46:05","modified_gmt":"2021-02-22T12:46:05","slug":"gamme-diabemix","status":"publish","type":"page","link":"https:\/\/www.diabemix.com\/en\/gamme-diabemix\/","title":{"rendered":"Diabemix range"},"content":{"rendered":"<div class=\"wpb-content-wrapper\"><div class=\"vc-custom-col-spacing clearfix vc-col-spacing-30\"><section class=\"wpb_row vc_row-fluid wpb_animate_when_almost_visible wpb_fadeIn fadeIn row-content-position-Default\"><div class=\"agrikole-container\"><div class=\"row-inner clearfix\"><div class=\"wpb_column vc_column_container vc_col-sm-12\"><div class=\"vc_column-inner\"><div class=\"wpb_wrapper\">\r\n\t<div class=\"agrikole-spacer clearfix\" data-desktop=\"80\" data-mobi=\"40\" data-smobi=\"40\"><\/div><div class=\"agrikole-content-box clearfix\" ><div class=\"vc-custom-col-inner-spacing clearfix vc-col-inner-spacing-30\"><div class=\"wpb_row vc_inner vc_row-fluid half-on-991\"><div class=\"wpb_column vc_column_container vc_col-sm-12\"><div class=\"vc_column-inner\"><div class=\"wpb_wrapper\"><div class=\"agrikole-content-box clearfix\" data-padding=\"40px 50px 40px\" data-mobipadding=\"20px 10px 20px\" data-margin=\"\" data-mobimargin=\"\" >\r\n\t\t<div class=\"inner ctb-1935818107\" style=\"\"  data-background=\"\" data-border-style=\"solid\" data-border-style-hover=\"solid\">\r\n\t\t\t<div class=\"agrikole-headings clearfix text-center\" data-font=\"70\" data-mfont=\"50\" style=\"\"><h2 class=\"heading clearfix\" style=\"color:#40525a;line-height:70px;font-size:70px;\">\r\n\t\tTo each one his Diabemix\r\n\t<\/h2><\/div>\r\n\t<div class=\"agrikole-spacer clearfix\" data-desktop=\"20\" data-mobi=\"20\" data-smobi=\"20\"><\/div><div class=\"agrikole-simple-image simple\" style=\"text-align:center; margin:0 auto;\">\r\n\t\t\t\t<img decoding=\"async\" alt=\"image\" src=\"https:\/\/www.diabemix.com\/wp-content\/uploads\/2021\/02\/separate-red.png\" \/> \r\n\t\t\t<\/div>\r\n\t\t<\/div>\r\n\t<\/div><\/div><\/div><\/div><\/div><\/div><\/div><\/div><\/div><\/div><\/div><\/div><\/section><\/div><div class=\"vc-custom-col-spacing clearfix vc-col-spacing-30\"><section class=\"wpb_row vc_row-fluid wpb_animate_when_almost_visible wpb_fadeIn fadeIn row-content-position-Default\"><div class=\"agrikole-container\"><div class=\"row-inner clearfix\"><div class=\"wpb_column vc_column_container vc_col-sm-12\"><div class=\"vc_column-inner\"><div class=\"wpb_wrapper\">\r\n\t<div class=\"agrikole-spacer clearfix\" data-desktop=\"100\" data-mobi=\"60\" data-smobi=\"60\"><\/div><div class=\"agrikole-content-box clearfix\" ><div class=\"vc-custom-col-inner-spacing clearfix vc-col-inner-spacing-30\"><div class=\"wpb_row vc_inner vc_row-fluid\"><div class=\"wpb_column vc_column_container vc_col-sm-6\"><div class=\"vc_column-inner\"><div class=\"wpb_wrapper\"><div class=\"agrikole-content-box clearfix\" data-padding=\"0px 70px 0px 0px\" data-mobipadding=\"0px 0px 0px 0px\" data-margin=\"\" data-mobimargin=\"\" >\r\n\t\t<div class=\"inner ctb-686828471\" style=\"\"  data-background=\"\" data-border-style=\"solid\" data-border-style-hover=\"solid\">\r\n\t\t\t<div class=\"agrikole-simple-image simple\" style=\"\">\r\n\t\t\t\t<img decoding=\"async\" alt=\"image\" src=\"https:\/\/www.diabemix.com\/wp-content\/uploads\/2021\/02\/diabemix-produit-2.jpg\" \/> \r\n\t\t\t<\/div>\r\n\t\t<\/div>\r\n\t<\/div>\r\n\t<div class=\"agrikole-spacer clearfix\" data-desktop=\"0\" data-mobi=\"40\" data-smobi=\"40\"><\/div><\/div><\/div><\/div><div class=\"wpb_column vc_column_container vc_col-sm-6\"><div class=\"vc_column-inner\"><div class=\"wpb_wrapper\">\r\n\t<div class=\"agrikole-spacer clearfix\" data-desktop=\"60\" data-mobi=\"20\" data-smobi=\"20\"><\/div><div class=\"agrikole-headings clearfix\" data-font=\"70\" data-mfont=\"50\" style=\"\"><h2 class=\"heading clearfix\" style=\"color:#40525a;line-height:70px;margin-bottom:20px;font-size:70px;\">\r\n\t\tDiabemix\r\n\t<\/h2><div class=\"sep clearfix\" style=\"margin:0px 0px 40px 0px;\">\r\n\t\t\t\t<img decoding=\"async\" alt=\"image\" src=\"https:\/\/www.diabemix.com\/wp-content\/uploads\/2021\/02\/little-separator-red.png\">\r\n\t\t\t<\/div><\/div>\n\t<div class=\"wpb_text_column wpb_content_element\" >\n\t\t<div class=\"wpb_wrapper\">\n\t\t\t<p>A flour mix with crunchy seeds to realize tasty breads and pizzas with a reduced carbohydrate content.<\/p>\n\n\t\t<\/div>\n\t<\/div>\n\r\n\t<div class=\"agrikole-spacer clearfix\" data-desktop=\"60\" data-mobi=\"40\" data-smobi=\"40\"><\/div><div class=\"button-wrap icon-right\" style=\"\" ><a href=\"https:\/\/www.diabemix.com\/en\/diabemix\/\" target=\"_self\" class=\"agrikole-button btn-751142341 medium no_icon custom custom\" style=\"border-radius:5px;\"  data-background=\"#e2011a\" data-text=\"#ffffff\" data-text-hover=\"#ffffff\" data-background-hover=\"#cb0118\">\r\n\t\t<span style=\"\">Discover Diabemix <\/span>\r\n\t<\/a><\/div><\/div><\/div><\/div><\/div><\/div><\/div>\r\n\t<div class=\"agrikole-spacer clearfix\" data-desktop=\"120\" data-mobi=\"60\" data-smobi=\"60\"><\/div><\/div><\/div><\/div><\/div><\/div><\/section><\/div><div class=\"vc-custom-col-spacing clearfix vc-col-spacing-30\"><section class=\"wpb_row vc_row-fluid wpb_animate_when_almost_visible wpb_fadeIn fadeIn row-content-position-Default\"><div class=\"agrikole-container\"><div class=\"row-inner clearfix\"><div class=\"dc_inverser_colonnes-section wpb_column vc_column_container vc_col-sm-12\"><div class=\"vc_column-inner\"><div class=\"wpb_wrapper\"><div class=\"agrikole-content-box clearfix\" ><div class=\"vc-custom-col-inner-spacing clearfix vc-col-inner-spacing-30\"><div class=\"wpb_row vc_inner vc_row-fluid dc_inverser_colonnes-ligne\"><div class=\"wpb_column vc_column_container vc_col-sm-6\"><div class=\"vc_column-inner\"><div class=\"wpb_wrapper\">\r\n\t<div class=\"agrikole-spacer clearfix\" data-desktop=\"40\" data-mobi=\"40\" data-smobi=\"40\"><\/div><div class=\"agrikole-headings clearfix\" data-font=\"70\" data-mfont=\"50\" style=\"\"><h2 class=\"heading clearfix\" style=\"color:#40525a;line-height:70px;margin-bottom:20px;font-size:70px;\">\r\n\t\tOrganic Diabemix\r\n\t<\/h2><div class=\"sep clearfix\" style=\"margin:0px 0px 40px 0px;\">\r\n\t\t\t\t<img decoding=\"async\" alt=\"image\" src=\"https:\/\/www.diabemix.com\/wp-content\/uploads\/2021\/02\/little-separator-green.png\">\r\n\t\t\t<\/div><\/div>\n\t<div class=\"wpb_text_column wpb_content_element\" >\n\t\t<div class=\"wpb_wrapper\">\n\t\t\t<p>A selection of organic and gourmet ingredients <br>to bring you pleasure in mouth at any time.<\/p>\n\n\t\t<\/div>\n\t<\/div>\n\r\n\t<div class=\"agrikole-spacer clearfix\" data-desktop=\"60\" data-mobi=\"40\" data-smobi=\"40\"><\/div><div class=\"button-wrap icon-right\" style=\"\" ><a href=\"https:\/\/www.diabemix.com\/en\/diabemix-bio\/\" target=\"_self\" class=\"agrikole-button btn-381268652 medium no_icon custom custom\" style=\"border-radius:5px;\"  data-background=\"#8dc63f\" data-text=\"#ffffff\" data-text-hover=\"#ffffff\" data-background-hover=\"#70ac1e\">\r\n\t\t<span style=\"\">Discover organic Diabemix <\/span>\r\n\t<\/a><\/div>\r\n\t<div class=\"agrikole-spacer clearfix\" data-desktop=\"0\" data-mobi=\"40\" data-smobi=\"40\"><\/div><\/div><\/div><\/div><div class=\"wpb_column vc_column_container vc_col-sm-6\"><div class=\"vc_column-inner\"><div class=\"wpb_wrapper\"><div class=\"agrikole-content-box clearfix\" data-padding=\"0px 70px 0px 0px\" data-mobipadding=\"0px 0px 0px 0px\" data-margin=\"\" data-mobimargin=\"\" >\r\n\t\t<div class=\"inner ctb-1308647050\" style=\"\"  data-background=\"\" data-border-style=\"solid\" data-border-style-hover=\"solid\">\r\n\t\t\t<div class=\"agrikole-simple-image simple\" style=\"\">\r\n\t\t\t\t<img decoding=\"async\" alt=\"image\" src=\"https:\/\/www.diabemix.com\/wp-content\/uploads\/2021\/02\/diabemix-bio-produit-2.jpg\" \/> \r\n\t\t\t<\/div>\r\n\t\t<\/div>\r\n\t<\/div><\/div><\/div><\/div><\/div><\/div><\/div>\r\n\t<div class=\"agrikole-spacer clearfix\" data-desktop=\"160\" data-mobi=\"60\" data-smobi=\"60\"><\/div><\/div><\/div><\/div><\/div><\/div><\/section><\/div><div class=\"vc-custom-col-spacing clearfix vc-col-spacing-30\"><section class=\"wpb_row vc_row-fluid wpb_animate_when_almost_visible wpb_fadeIn fadeIn no-padding row-content-position-middle row-equal-height\"><div class=\"row-inner clearfix\"><div class=\"wpb_column vc_column_container vc_col-sm-6 vc_col-has-fill\"><div class=\"vc_column-inner vc_custom_1613070386663\"><div class=\"wpb_wrapper\"><\/div><\/div><\/div><div class=\"wpb_column vc_column_container vc_col-sm-6 vc_col-has-fill\"><div class=\"vc_column-inner vc_custom_1613070214875\"><div class=\"wpb_wrapper\"><div class=\"agrikole-content-box clearfix cta-texte\" data-padding=\"170px 20% 170px 20%\" data-mobipadding=\"60px 20% 60px 20%\" data-margin=\"\" data-mobimargin=\"\" >\r\n\t\t<div class=\"inner ctb-1412944560\" style=\"\"  data-background=\"\" data-border-style=\"solid\" data-border-style-hover=\"solid\">\r\n\t\t\t<h2 class=\"agrikole-text clearfix text-center\" style=\"font-size:60px;line-height:72px;color:#40525a;\"><p>Feel free to ask Diabemix to your baker !<\/p>\n<\/h2>\r\n\t\t<\/div>\r\n\t<\/div><\/div><\/div><\/div><\/div><\/section><\/div>\n<\/div>","protected":false},"excerpt":{"rendered":"A chacun son Diab\u00e9mix Diab\u00e9mix Une farine avec des graines croquantes pour r\u00e9aliser de savoureuses p\u00e2tes \u00e0 pains et pizzas \u00e0 teneur en glucides r\u00e9duites. D\u00e9couvrir Diab\u00e9mix Diab\u00e9mix BIO Une s\u00e9lection d\u2019ingr\u00e9dients biologiques savoureux et originaux pour vous apporter plaisir gustatif et di\u00e9t\u00e9tique \u00e0 chaque instant. D\u00e9couvrir Diab\u00e9mix BIO N\u2019h\u00e9sitez","protected":false},"author":1,"featured_media":0,"parent":0,"menu_order":0,"comment_status":"closed","ping_status":"closed","template":"","meta":{"footnotes":""},"class_list":["post-14611","page","type-page","status-publish","hentry"],"yoast_head":"<!-- This site is optimized with the Yoast SEO plugin v23.9 - https:\/\/yoast.com\/wordpress\/plugins\/seo\/ -->\n<title>Diab\u00e9mix - La gamme Diab\u00e9mix<\/title>\n<meta name=\"description\" content=\"\u00c0 chacun son Diab\u00e9mix, conventionnel ou BIO, d\u00e9couvrez une farine avec des graines croquantes \u00e0 teneur en glucides r\u00e9duites.\" \/>\n<meta name=\"robots\" content=\"index, follow, max-snippet:-1, max-image-preview:large, max-video-preview:-1\" \/>\n<link rel=\"canonical\" href=\"https:\/\/www.diabemix.com\/en\/gamme-diabemix\/\" \/>\n<meta property=\"og:locale\" content=\"en_US\" \/>\n<meta property=\"og:type\" content=\"article\" \/>\n<meta property=\"og:title\" content=\"Diab\u00e9mix - La gamme Diab\u00e9mix\" \/>\n<meta property=\"og:description\" content=\"\u00c0 chacun son Diab\u00e9mix, conventionnel ou BIO, d\u00e9couvrez une farine avec des graines croquantes \u00e0 teneur en glucides r\u00e9duites.\" \/>\n<meta property=\"og:url\" content=\"https:\/\/www.diabemix.com\/en\/gamme-diabemix\/\" \/>\n<meta property=\"og:site_name\" content=\"Diabemix\" \/>\n<meta property=\"article:modified_time\" content=\"2021-02-22T12:46:05+00:00\" \/>\n<meta name=\"twitter:card\" content=\"summary_large_image\" \/>\n<meta name=\"twitter:label1\" content=\"Est. reading time\" \/>\n\t<meta name=\"twitter:data1\" content=\"3 minutes\" \/>\n<script type=\"application\/ld+json\" class=\"yoast-schema-graph\">{\"@context\":\"https:\/\/schema.org\",\"@graph\":[{\"@type\":\"WebPage\",\"@id\":\"https:\/\/www.diabemix.com\/gamme-diabemix\/\",\"url\":\"https:\/\/www.diabemix.com\/gamme-diabemix\/\",\"name\":\"Diab\u00e9mix - La gamme Diab\u00e9mix\",\"isPartOf\":{\"@id\":\"https:\/\/www.diabemix.com\/#website\"},\"datePublished\":\"2021-02-11T18:43:28+00:00\",\"dateModified\":\"2021-02-22T12:46:05+00:00\",\"description\":\"\u00c0 chacun son Diab\u00e9mix, conventionnel ou BIO, d\u00e9couvrez une farine avec des graines croquantes \u00e0 teneur en glucides r\u00e9duites.\",\"breadcrumb\":{\"@id\":\"https:\/\/www.diabemix.com\/gamme-diabemix\/#breadcrumb\"},\"inLanguage\":\"en-US\",\"potentialAction\":[{\"@type\":\"ReadAction\",\"target\":[\"https:\/\/www.diabemix.com\/gamme-diabemix\/\"]}]},{\"@type\":\"BreadcrumbList\",\"@id\":\"https:\/\/www.diabemix.com\/gamme-diabemix\/#breadcrumb\",\"itemListElement\":[{\"@type\":\"ListItem\",\"position\":1,\"name\":\"Accueil\",\"item\":\"https:\/\/www.diabemix.com\/\"},{\"@type\":\"ListItem\",\"position\":2,\"name\":\"La gamme Diab\u00e9mix\"}]},{\"@type\":\"WebSite\",\"@id\":\"https:\/\/www.diabemix.com\/#website\",\"url\":\"https:\/\/www.diabemix.com\/\",\"name\":\"Diabemix\",\"description\":\"Farine pour pain \u00e0 teneur en glucides r\u00e9duite\",\"potentialAction\":[{\"@type\":\"SearchAction\",\"target\":{\"@type\":\"EntryPoint\",\"urlTemplate\":\"https:\/\/www.diabemix.com\/?s={search_term_string}\"},\"query-input\":{\"@type\":\"PropertyValueSpecification\",\"valueRequired\":true,\"valueName\":\"search_term_string\"}}],\"inLanguage\":\"en-US\"}]}<\/script>\n<!-- \/ Yoast SEO plugin. -->","yoast_head_json":{"title":"Diab\u00e9mix - La gamme Diab\u00e9mix","description":"\u00c0 chacun son Diab\u00e9mix, conventionnel ou BIO, d\u00e9couvrez une farine avec des graines croquantes \u00e0 teneur en glucides r\u00e9duites.","robots":{"index":"index","follow":"follow","max-snippet":"max-snippet:-1","max-image-preview":"max-image-preview:large","max-video-preview":"max-video-preview:-1"},"canonical":"https:\/\/www.diabemix.com\/en\/gamme-diabemix\/","og_locale":"en_US","og_type":"article","og_title":"Diab\u00e9mix - La gamme Diab\u00e9mix","og_description":"\u00c0 chacun son Diab\u00e9mix, conventionnel ou BIO, d\u00e9couvrez une farine avec des graines croquantes \u00e0 teneur en glucides r\u00e9duites.","og_url":"https:\/\/www.diabemix.com\/en\/gamme-diabemix\/","og_site_name":"Diabemix","article_modified_time":"2021-02-22T12:46:05+00:00","twitter_card":"summary_large_image","twitter_misc":{"Est. reading time":"3 minutes"},"schema":{"@context":"https:\/\/schema.org","@graph":[{"@type":"WebPage","@id":"https:\/\/www.diabemix.com\/gamme-diabemix\/","url":"https:\/\/www.diabemix.com\/gamme-diabemix\/","name":"Diab\u00e9mix - La gamme Diab\u00e9mix","isPartOf":{"@id":"https:\/\/www.diabemix.com\/#website"},"datePublished":"2021-02-11T18:43:28+00:00","dateModified":"2021-02-22T12:46:05+00:00","description":"\u00c0 chacun son Diab\u00e9mix, conventionnel ou BIO, d\u00e9couvrez une farine avec des graines croquantes \u00e0 teneur en glucides r\u00e9duites.","breadcrumb":{"@id":"https:\/\/www.diabemix.com\/gamme-diabemix\/#breadcrumb"},"inLanguage":"en-US","potentialAction":[{"@type":"ReadAction","target":["https:\/\/www.diabemix.com\/gamme-diabemix\/"]}]},{"@type":"BreadcrumbList","@id":"https:\/\/www.diabemix.com\/gamme-diabemix\/#breadcrumb","itemListElement":[{"@type":"ListItem","position":1,"name":"Accueil","item":"https:\/\/www.diabemix.com\/"},{"@type":"ListItem","position":2,"name":"La gamme Diab\u00e9mix"}]},{"@type":"WebSite","@id":"https:\/\/www.diabemix.com\/#website","url":"https:\/\/www.diabemix.com\/","name":"Diabemix","description":"Farine pour pain \u00e0 teneur en glucides r\u00e9duite","potentialAction":[{"@type":"SearchAction","target":{"@type":"EntryPoint","urlTemplate":"https:\/\/www.diabemix.com\/?s={search_term_string}"},"query-input":{"@type":"PropertyValueSpecification","valueRequired":true,"valueName":"search_term_string"}}],"inLanguage":"en-US"}]}},"_links":{"self":[{"href":"https:\/\/www.diabemix.com\/en\/wp-json\/wp\/v2\/pages\/14611","targetHints":{"allow":["GET"]}}],"collection":[{"href":"https:\/\/www.diabemix.com\/en\/wp-json\/wp\/v2\/pages"}],"about":[{"href":"https:\/\/www.diabemix.com\/en\/wp-json\/wp\/v2\/types\/page"}],"author":[{"embeddable":true,"href":"https:\/\/www.diabemix.com\/en\/wp-json\/wp\/v2\/users\/1"}],"replies":[{"embeddable":true,"href":"https:\/\/www.diabemix.com\/en\/wp-json\/wp\/v2\/comments?post=14611"}],"version-history":[{"count":16,"href":"https:\/\/www.diabemix.com\/en\/wp-json\/wp\/v2\/pages\/14611\/revisions"}],"predecessor-version":[{"id":14862,"href":"https:\/\/www.diabemix.com\/en\/wp-json\/wp\/v2\/pages\/14611\/revisions\/14862"}],"wp:attachment":[{"href":"https:\/\/www.diabemix.com\/en\/wp-json\/wp\/v2\/media?parent=14611"}],"curies":[{"name":"wp","href":"https:\/\/api.w.org\/{rel}","templated":true}]}}