{"id":14588,"date":"2021-02-11T18:27:17","date_gmt":"2021-02-11T17:27:17","guid":{"rendered":"https:\/\/www.diabemix.com\/?page_id=14588"},"modified":"2021-02-22T13:51:55","modified_gmt":"2021-02-22T12:51:55","slug":"contact","status":"publish","type":"page","link":"https:\/\/www.diabemix.com\/en\/contact\/","title":{"rendered":"Contact"},"content":{"rendered":"<div class=\"wpb-content-wrapper\"><div class=\"vc-custom-col-spacing clearfix vc-col-spacing-30\"><section class=\"wpb_row vc_row-fluid wpb_animate_when_almost_visible wpb_fadeIn fadeIn row-content-position-Default\"><div class=\"agrikole-container\"><div class=\"row-inner clearfix\"><div class=\"wpb_column vc_column_container vc_col-sm-12\"><div class=\"vc_column-inner\"><div class=\"wpb_wrapper\">\r\n\t<div class=\"agrikole-spacer clearfix\" data-desktop=\"80\" data-mobi=\"40\" data-smobi=\"40\"><\/div><div class=\"agrikole-content-box clearfix\" ><div class=\"vc-custom-col-inner-spacing clearfix vc-col-inner-spacing-30\"><div class=\"wpb_row vc_inner vc_row-fluid half-on-991\"><div class=\"wpb_column vc_column_container vc_col-sm-12\"><div class=\"vc_column-inner\"><div class=\"wpb_wrapper\"><div class=\"agrikole-content-box clearfix\" data-padding=\"40px 50px 40px\" data-mobipadding=\"20px 10px 20px\" data-margin=\"\" data-mobimargin=\"\" >\r\n\t\t<div class=\"inner ctb-855935165\" style=\"\"  data-background=\"\" data-border-style=\"solid\" data-border-style-hover=\"solid\">\r\n\t\t\t<div class=\"agrikole-simple-image simple\" style=\"text-align:center; margin:0 auto;\">\r\n\t\t\t\t<img decoding=\"async\" alt=\"image\" src=\"https:\/\/www.diabemix.com\/wp-content\/uploads\/2021\/02\/contact-picto.png\" \/> \r\n\t\t\t<\/div>\r\n\t<div class=\"agrikole-spacer clearfix\" data-desktop=\"40\" data-mobi=\"35\" data-smobi=\"35\"><\/div>\n\t<div class=\"wpb_text_column wpb_content_element\" >\n\t\t<div class=\"wpb_wrapper\">\n\t\t\t<div class=\"texte-intro\" style=\"text-align: center; font-size: 30px; max-width: 800px; margin: 0 auto; font-weight: 400; line-height: 1.5;\">Whatever your questions or remarks, we will try to answer you in the best delay.<\/div>\n\n\t\t<\/div>\n\t<\/div>\n\r\n\t<div class=\"agrikole-spacer clearfix\" data-desktop=\"40\" data-mobi=\"35\" data-smobi=\"35\"><\/div><div class=\"agrikole-simple-image simple\" style=\"text-align:center; margin:0 auto;\">\r\n\t\t\t\t<img decoding=\"async\" alt=\"image\" src=\"https:\/\/www.diabemix.com\/wp-content\/uploads\/2021\/02\/separate-red.png\" \/> \r\n\t\t\t<\/div>\r\n\t\t<\/div>\r\n\t<\/div><\/div><\/div><\/div><\/div><\/div><\/div>\r\n\t<div class=\"agrikole-spacer clearfix\" data-desktop=\"60\" data-mobi=\"40\" data-smobi=\"40\"><\/div><\/div><\/div><\/div><\/div><\/div><\/section><\/div><div class=\"vc-custom-col-spacing clearfix vc-col-spacing-30\"><section class=\"wpb_row vc_row-fluid wpb_animate_when_almost_visible wpb_fadeIn fadeIn row-content-position-Default\"><div class=\"agrikole-container\"><div class=\"row-inner clearfix\"><div class=\"wpb_column vc_column_container vc_col-sm-12\"><div class=\"vc_column-inner\"><div class=\"wpb_wrapper\"><div class=\"agrikole-content-box clearfix\" ><div class=\"vc-custom-col-inner-spacing clearfix vc-col-inner-spacing-30\"><div class=\"wpb_row vc_inner vc_row-fluid has-shadow overflow-hidden vc_custom_1613065907653 vc_row-has-fill\"><div class=\"wpb_column vc_column_container vc_col-sm-12 vc_col-has-fill\"><div class=\"vc_column-inner vc_custom_1582340456684\"><div class=\"wpb_wrapper\"><div class=\"agrikole-content-box clearfix\" data-padding=\"92px 85px 100px 85px\" data-mobipadding=\"55px 45px 60px 45px\" data-margin=\"\" data-mobimargin=\"\" >\r\n\t\t<div class=\"inner ctb-154605914\" style=\"\"  data-background=\"\" data-border-style=\"solid\" data-border-style-hover=\"solid\">\r\n\t\t\t<div class=\"agrikole-cf7  bg- btn-accent\">\n<div class=\"wpcf7 no-js\" id=\"wpcf7-f14606-o1\" lang=\"en-US\" dir=\"ltr\" data-wpcf7-id=\"14606\">\n<div class=\"screen-reader-response\"><p role=\"status\" aria-live=\"polite\" aria-atomic=\"true\"><\/p> <ul><\/ul><\/div>\n<form action=\"\/wp-json\/wp\/v2\/pages\/14588\" method=\"post\" class=\"wpcf7-form init\" aria-label=\"Contact form\" novalidate=\"novalidate\" data-status=\"init\" data-trp-original-action=\"\/en\/wp-json\/wp\/v2\/pages\/14588#wpcf7-f14606-o1\">\n<div style=\"display: none;\">\n<input type=\"hidden\" name=\"_wpcf7\" value=\"14606\" \/>\n<input type=\"hidden\" name=\"_wpcf7_version\" value=\"6.0.1\" \/>\n<input type=\"hidden\" name=\"_wpcf7_locale\" value=\"en_US\" \/>\n<input type=\"hidden\" name=\"_wpcf7_unit_tag\" value=\"wpcf7-f14606-o1\" \/>\n<input type=\"hidden\" name=\"_wpcf7_container_post\" value=\"0\" \/>\n<input type=\"hidden\" name=\"_wpcf7_posted_data_hash\" value=\"\" \/>\n<input type=\"hidden\" name=\"_wpcf7_recaptcha_response\" value=\"\" \/>\n<\/div>\n<div class=\"input-wrap clearfix\">\n\t<div class=\"name-wrap\">\n\t\t<p><span class=\"wpcf7-form-control-wrap\" data-name=\"votre-nom\"><input size=\"40\" maxlength=\"400\" class=\"wpcf7-form-control wpcf7-text wpcf7-validates-as-required\" aria-required=\"true\" aria-invalid=\"false\" placeholder=\"Last name\" value=\"\" type=\"text\" name=\"votre-nom\" \/><\/span>\n\t\t<\/p>\n\t<\/div>\n\t<div class=\"name-wrap\">\n\t\t<p><span class=\"wpcf7-form-control-wrap\" data-name=\"votre-prenom\"><input size=\"40\" maxlength=\"400\" class=\"wpcf7-form-control wpcf7-text wpcf7-validates-as-required\" aria-required=\"true\" aria-invalid=\"false\" placeholder=\"First name\" value=\"\" type=\"text\" name=\"votre-prenom\" \/><\/span>\n\t\t<\/p>\n\t<\/div>\n<\/div>\n<div class=\"input-wrap clearfix\">\n\t<div class=\"name-wrap\">\n\t\t<p><span class=\"wpcf7-form-control-wrap\" data-name=\"votre-adresse\"><input size=\"40\" maxlength=\"400\" class=\"wpcf7-form-control wpcf7-text wpcf7-validates-as-required\" aria-required=\"true\" aria-invalid=\"false\" placeholder=\"Address\" value=\"\" type=\"text\" name=\"votre-adresse\" \/><\/span>\n\t\t<\/p>\n\t<\/div>\n\t<div class=\"name-wrap\">\n\t\t<p><span class=\"wpcf7-form-control-wrap\" data-name=\"votre-ville\"><input size=\"40\" maxlength=\"400\" class=\"wpcf7-form-control wpcf7-text wpcf7-validates-as-required\" aria-required=\"true\" aria-invalid=\"false\" placeholder=\"Postcode and town\" value=\"\" type=\"text\" name=\"votre-ville\" \/><\/span>\n\t\t<\/p>\n\t<\/div>\n<\/div>\n<div class=\"input-wrap clearfix\">\n\t<div class=\"email-wrap\">\n\t\t<p><span class=\"wpcf7-form-control-wrap\" data-name=\"votre-email\"><input size=\"40\" maxlength=\"400\" class=\"wpcf7-form-control wpcf7-email wpcf7-validates-as-required wpcf7-text wpcf7-validates-as-email\" aria-required=\"true\" aria-invalid=\"false\" placeholder=\"Email\" value=\"\" type=\"email\" name=\"votre-email\" \/><\/span>\n\t\t<\/p>\n\t<\/div>\n\t<div class=\"phone-wrap\">\n\t\t<p><span class=\"wpcf7-form-control-wrap\" data-name=\"votre-telephone\"><input size=\"40\" maxlength=\"400\" class=\"wpcf7-form-control wpcf7-text wpcf7-validates-as-required\" aria-required=\"true\" aria-invalid=\"false\" placeholder=\"Phone\" value=\"\" type=\"text\" name=\"votre-telephone\" \/><\/span>\n\t\t<\/p>\n\t<\/div>\n<\/div>\n<div class=\"input-wrap clearfix\">\n\t<div class=\"name-wrap\">\n\t\t<p>Are you a professional of bakery and pastry sector? <span class=\"wpcf7-form-control-wrap\" data-name=\"professionnel\"><select class=\"wpcf7-form-control wpcf7-select wpcf7-validates-as-required\" aria-required=\"true\" aria-invalid=\"false\" name=\"professionnel\"><option value=\"\">&#8212;Please choose an option&#8212;<\/option><option value=\"Oui, je suis un professionnel du secteur de la boulangerie-p\u00e2tisserie\">Yes, I'm a professional of bakery and pastry sector<\/option><option value=\"Non, je ne suis pas un professionnel du secteur de la boulangerie-p\u00e2tisserie\">No, I'm not a professional of bakery and pastry sector?<\/option><\/select><\/span>\n\t\t<\/p>\n\t<\/div>\n<\/div>\n<div class=\"message-wrap\">\n\t<p><span class=\"wpcf7-form-control-wrap\" data-name=\"message-amelioration\"><textarea cols=\"40\" rows=\"10\" maxlength=\"2000\" class=\"wpcf7-form-control wpcf7-textarea\" aria-invalid=\"false\" placeholder=\"Question(s) \/ remark(s) \/ improvment(s):\" name=\"message-amelioration\"><\/textarea><\/span>\n\t<\/p>\n<\/div>\n<div class=\"message-wrap\">\n\t<p><span class=\"wpcf7-form-control-wrap\" data-name=\"message-site\"><textarea cols=\"40\" rows=\"10\" maxlength=\"2000\" class=\"wpcf7-form-control wpcf7-textarea\" aria-invalid=\"false\" placeholder=\"How have you found our website?\" name=\"message-site\"><\/textarea><\/span>\n\t<\/p>\n<\/div>\n<p><span id=\"wpcf7-69f772a4e3a0a-wrapper\" class=\"wpcf7-form-control-wrap website-wrap\" style=\"display:none !important; visibility:hidden !important;\"><label for=\"wpcf7-69f772a4e3a0a-field\" class=\"hp-message\">Please leave this field empty.<\/label><input id=\"wpcf7-69f772a4e3a0a-field\"  class=\"wpcf7-form-control wpcf7-text\" type=\"text\" name=\"website\" value=\"\" size=\"40\" tabindex=\"-1\" autocomplete=\"new-password\" \/><\/span>\n<\/p>\n<div class=\"input-wrap clearfix\">\n\t<p><span class=\"wpcf7-form-control-wrap\" data-name=\"acceptance-753\"><span class=\"wpcf7-form-control wpcf7-acceptance\"><span class=\"wpcf7-list-item\"><input type=\"checkbox\" name=\"acceptance-753\" value=\"1\" aria-invalid=\"false\" \/><\/span><\/span><\/span> I accept the general conditions and the privacy policy\n\t<\/p>\n<\/div>\n<div class=\"submit-wrap\">\n\t<p><span><input class=\"wpcf7-form-control wpcf7-submit has-spinner\" type=\"submit\" value=\"Send the message\" \/><\/span>\n\t<\/p>\n<\/div><div class=\"wpcf7-response-output\" aria-hidden=\"true\"><\/div>\n<input type=\"hidden\" name=\"trp-form-language\" value=\"en\"\/><\/form>\n<\/div>\n<\/div>\r\n\t\t<\/div>\r\n\t<\/div><\/div><\/div><\/div><\/div><\/div><\/div>\r\n\t<div class=\"agrikole-spacer clearfix\" data-desktop=\"100\" data-mobi=\"60\" data-smobi=\"60\"><\/div><\/div><\/div><\/div><\/div><\/div><\/section><\/div><div class=\"vc-custom-col-spacing clearfix vc-col-spacing-30\"><section class=\"wpb_row vc_row-fluid wpb_animate_when_almost_visible wpb_fadeIn fadeIn row-content-position-Default\"><div class=\"agrikole-container\"><div class=\"row-inner clearfix\"><div class=\"wpb_column vc_column_container vc_col-sm-12\"><div class=\"vc_column-inner\"><div class=\"wpb_wrapper\"><div class=\"agrikole-simple-image simple\" style=\"\">\r\n\t\t\t\t<img decoding=\"async\" alt=\"image\" src=\"https:\/\/www.diabemix.com\/wp-content\/uploads\/2021\/02\/contact-diabemix.jpg\" \/> \r\n\t\t\t<\/div>\r\n\t<div class=\"agrikole-spacer clearfix\" data-desktop=\"120\" data-mobi=\"60\" data-smobi=\"60\"><\/div><\/div><\/div><\/div><\/div><\/div><\/section><\/div>\n<\/div>","protected":false},"excerpt":{"rendered":"Quelques soient vos questions ou vos remarques, nous nous efforcerons de vous r\u00e9pondre dans les meilleurs d\u00e9lais. \u00cates-vous un professionnel du secteur de la boulangerie-p\u00e2tisserie ? &#8212;Please choose an option&#8212;Oui, je suis un professionnel du secteur de la boulangerie-p\u00e2tisserieNon, je ne suis pas un professionnel du secteur de la boulangerie-p\u00e2tisserie","protected":false},"author":1,"featured_media":0,"parent":0,"menu_order":0,"comment_status":"closed","ping_status":"closed","template":"","meta":{"footnotes":""},"class_list":["post-14588","page","type-page","status-publish","hentry"],"yoast_head":"<!-- This site is optimized with the Yoast SEO plugin v23.9 - https:\/\/yoast.com\/wordpress\/plugins\/seo\/ -->\n<title>Diab\u00e9mix - Contactez-nous<\/title>\n<meta name=\"robots\" content=\"index, follow, max-snippet:-1, max-image-preview:large, max-video-preview:-1\" \/>\n<link rel=\"canonical\" href=\"https:\/\/www.diabemix.com\/en\/contact\/\" \/>\n<meta property=\"og:locale\" content=\"en_US\" \/>\n<meta property=\"og:type\" content=\"article\" \/>\n<meta property=\"og:title\" content=\"Diab\u00e9mix - Contactez-nous\" \/>\n<meta property=\"og:url\" content=\"https:\/\/www.diabemix.com\/en\/contact\/\" \/>\n<meta property=\"og:site_name\" content=\"Diabemix\" \/>\n<meta property=\"article:modified_time\" content=\"2021-02-22T12:51:55+00:00\" \/>\n<meta name=\"twitter:card\" content=\"summary_large_image\" \/>\n<meta name=\"twitter:label1\" content=\"Est. reading time\" \/>\n\t<meta name=\"twitter:data1\" content=\"1 minute\" \/>\n<script type=\"application\/ld+json\" class=\"yoast-schema-graph\">{\"@context\":\"https:\/\/schema.org\",\"@graph\":[{\"@type\":[\"WebPage\",\"ContactPage\"],\"@id\":\"https:\/\/www.diabemix.com\/contact\/\",\"url\":\"https:\/\/www.diabemix.com\/contact\/\",\"name\":\"Diab\u00e9mix - Contactez-nous\",\"isPartOf\":{\"@id\":\"https:\/\/www.diabemix.com\/#website\"},\"datePublished\":\"2021-02-11T17:27:17+00:00\",\"dateModified\":\"2021-02-22T12:51:55+00:00\",\"breadcrumb\":{\"@id\":\"https:\/\/www.diabemix.com\/contact\/#breadcrumb\"},\"inLanguage\":\"en-US\",\"potentialAction\":[{\"@type\":\"ReadAction\",\"target\":[\"https:\/\/www.diabemix.com\/contact\/\"]}]},{\"@type\":\"BreadcrumbList\",\"@id\":\"https:\/\/www.diabemix.com\/contact\/#breadcrumb\",\"itemListElement\":[{\"@type\":\"ListItem\",\"position\":1,\"name\":\"Accueil\",\"item\":\"https:\/\/www.diabemix.com\/\"},{\"@type\":\"ListItem\",\"position\":2,\"name\":\"Contact\"}]},{\"@type\":\"WebSite\",\"@id\":\"https:\/\/www.diabemix.com\/#website\",\"url\":\"https:\/\/www.diabemix.com\/\",\"name\":\"Diabemix\",\"description\":\"Farine pour pain \u00e0 teneur en glucides r\u00e9duite\",\"potentialAction\":[{\"@type\":\"SearchAction\",\"target\":{\"@type\":\"EntryPoint\",\"urlTemplate\":\"https:\/\/www.diabemix.com\/?s={search_term_string}\"},\"query-input\":{\"@type\":\"PropertyValueSpecification\",\"valueRequired\":true,\"valueName\":\"search_term_string\"}}],\"inLanguage\":\"en-US\"}]}<\/script>\n<!-- \/ Yoast SEO plugin. -->","yoast_head_json":{"title":"Diab\u00e9mix - Contactez-nous","robots":{"index":"index","follow":"follow","max-snippet":"max-snippet:-1","max-image-preview":"max-image-preview:large","max-video-preview":"max-video-preview:-1"},"canonical":"https:\/\/www.diabemix.com\/en\/contact\/","og_locale":"en_US","og_type":"article","og_title":"Diab\u00e9mix - Contactez-nous","og_url":"https:\/\/www.diabemix.com\/en\/contact\/","og_site_name":"Diabemix","article_modified_time":"2021-02-22T12:51:55+00:00","twitter_card":"summary_large_image","twitter_misc":{"Est. reading time":"1 minute"},"schema":{"@context":"https:\/\/schema.org","@graph":[{"@type":["WebPage","ContactPage"],"@id":"https:\/\/www.diabemix.com\/contact\/","url":"https:\/\/www.diabemix.com\/contact\/","name":"Diab\u00e9mix - Contactez-nous","isPartOf":{"@id":"https:\/\/www.diabemix.com\/#website"},"datePublished":"2021-02-11T17:27:17+00:00","dateModified":"2021-02-22T12:51:55+00:00","breadcrumb":{"@id":"https:\/\/www.diabemix.com\/contact\/#breadcrumb"},"inLanguage":"en-US","potentialAction":[{"@type":"ReadAction","target":["https:\/\/www.diabemix.com\/contact\/"]}]},{"@type":"BreadcrumbList","@id":"https:\/\/www.diabemix.com\/contact\/#breadcrumb","itemListElement":[{"@type":"ListItem","position":1,"name":"Accueil","item":"https:\/\/www.diabemix.com\/"},{"@type":"ListItem","position":2,"name":"Contact"}]},{"@type":"WebSite","@id":"https:\/\/www.diabemix.com\/#website","url":"https:\/\/www.diabemix.com\/","name":"Diabemix","description":"Farine pour pain \u00e0 teneur en glucides r\u00e9duite","potentialAction":[{"@type":"SearchAction","target":{"@type":"EntryPoint","urlTemplate":"https:\/\/www.diabemix.com\/?s={search_term_string}"},"query-input":{"@type":"PropertyValueSpecification","valueRequired":true,"valueName":"search_term_string"}}],"inLanguage":"en-US"}]}},"_links":{"self":[{"href":"https:\/\/www.diabemix.com\/en\/wp-json\/wp\/v2\/pages\/14588","targetHints":{"allow":["GET"]}}],"collection":[{"href":"https:\/\/www.diabemix.com\/en\/wp-json\/wp\/v2\/pages"}],"about":[{"href":"https:\/\/www.diabemix.com\/en\/wp-json\/wp\/v2\/types\/page"}],"author":[{"embeddable":true,"href":"https:\/\/www.diabemix.com\/en\/wp-json\/wp\/v2\/users\/1"}],"replies":[{"embeddable":true,"href":"https:\/\/www.diabemix.com\/en\/wp-json\/wp\/v2\/comments?post=14588"}],"version-history":[{"count":13,"href":"https:\/\/www.diabemix.com\/en\/wp-json\/wp\/v2\/pages\/14588\/revisions"}],"predecessor-version":[{"id":123015,"href":"https:\/\/www.diabemix.com\/en\/wp-json\/wp\/v2\/pages\/14588\/revisions\/123015"}],"wp:attachment":[{"href":"https:\/\/www.diabemix.com\/en\/wp-json\/wp\/v2\/media?parent=14588"}],"curies":[{"name":"wp","href":"https:\/\/api.w.org\/{rel}","templated":true}]}}